{"id":6846,"date":"2023-10-02T12:55:24","date_gmt":"2023-10-02T10:55:24","guid":{"rendered":"https:\/\/jachtwerk.com\/?page_id=6846"},"modified":"2023-10-02T13:08:30","modified_gmt":"2023-10-02T11:08:30","slug":"blogs","status":"publish","type":"page","link":"https:\/\/jachtwerk.com\/de\/blogs\/","title":{"rendered":"Blogs (Du)"},"content":{"rendered":"<div id=\"pl-6846\"  class=\"panel-layout\" ><div id=\"pg-6846-0\"  class=\"panel-grid panel-has-style\" ><div class=\"panel-row-style panel-row-style-for-6846-0\" ><div id=\"pgc-6846-0-0\"  class=\"panel-grid-cell\" ><div id=\"panel-6846-0-0-0\" class=\"so-panel widget widget_sow-headline panel-first-child\" data-index=\"0\" ><div\n\t\t\t\n\t\t\tclass=\"so-widget-sow-headline so-widget-sow-headline-default-33872a972685-6846 so-widget-fittext-wrapper\"\n\t\t\t data-fit-text-compressor=\"0.85\"\n\t\t><div class=\"sow-headline-container \">\n\t\t\t\t\t\t\t<h1 class=\"sow-headline\">\n\t\t\t\t\t\tBlogs teakdekken\t\t\t\t\t\t<\/h1>\n\t\t\t\t\t\t\t\t\t\t\t<div class=\"decoration\">\n\t\t\t\t\t\t<div class=\"decoration-inside\"><\/div>\n\t\t\t\t\t<\/div>\n\t\t\t\t\t<\/div>\n<\/div><\/div><div id=\"panel-6846-0-0-1\" class=\"so-panel widget widget_sow-editor\" data-index=\"1\" ><div\n\t\t\t\n\t\t\tclass=\"so-widget-sow-editor so-widget-sow-editor-base\"\n\t\t\t\n\t\t>\n<div class=\"siteorigin-widget-tinymce textwidget\">\n\t<p>Laat je informeren en inspireren door de blogs van Jachtwerk, teakdekspecialist in Friesland.<\/p>\n<\/div>\n<\/div><\/div><div id=\"panel-6846-0-0-2\" class=\"so-panel widget widget_lsow-portfolio panel-last-child\" data-index=\"2\" ><div\n\t\t\t\n\t\t\tclass=\"so-widget-lsow-portfolio so-widget-lsow-portfolio-default-58a26905627a-6846\"\n\t\t\t\n\t\t><div id=\"lsow-block-uid-69e319f1aa962\" class=\"lsow-container lsow-block lsow-block-grid lsow-block-grid-1 lsow-gapless-grid lsow-block-header-expanded lsow-block-header-6 grid-1 lsow-block-uid-69e319f1aa962\"  data-block-uid='lsow-block-uid-69e319f1aa962' data-query='{\"paged\":1,\"offset\":0,\"post_status\":\"publish\",\"posts_per_page\":\"12\",\"post_type\":\"post\",\"tax_query\":{\"relation\":\"OR\",\"0\":{\"taxonomy\":\"category\",\"field\":\"slug\",\"terms\":\"blogs-de\"}},\"tax_query_relation\":\"OR\",\"date_type\":\"specific\",\"date_query\":{\"after\":\"\",\"before\":\"\",\"inclusive\":true},\"date_query_relative\":\"{\\\"from\\\":{\\\"value\\\":0,\\\"unit\\\":\\\"days\\\"},\\\"to\\\":{\\\"value\\\":0,\\\"unit\\\":\\\"days\\\"}}\",\"orderby\":\"date\",\"order\":\"DESC\",\"post__not_in\":[6846]}' data-settings='{\"class\":\"grid-1 lsow-block-uid-69e319f1aa962\",\"heading\":\"\",\"heading_url\":\"\",\"block_type\":\"block_grid_1\",\"filterable\":false,\"taxonomy_chosen\":\"category\",\"current_filter_term\":\"\",\"pagination\":\"none\",\"show_remaining\":true,\"show_related_posts\":false,\"current_post_id\":\"\",\"header_template\":\"block_header_6\",\"per_line\":2,\"per_line_tablet\":2,\"per_line_mobile\":1,\"layout_mode\":\"fitRows\",\"image_linkable\":true,\"post_link_new_window\":false,\"enable_lightbox\":false,\"image_size\":\"folio\",\"display_title_on_thumbnail\":false,\"display_taxonomy_on_thumbnail\":false,\"display_title\":true,\"display_summary\":true,\"rich_text_excerpt\":false,\"display_excerpt_lightbox\":false,\"excerpt_length\":25,\"display_read_more\":true,\"read_more_text\":\"Meer lezen\",\"display_author\":false,\"display_post_date\":false,\"display_taxonomy\":false,\"block_id\":\"lsow-portfolio-1\",\"block_class\":\"grid-1\",\"taxonomies\":[\"category\"]}' data-taxonomies='[\"category\"]' data-total='4' data-current='1' data-maxpages='1' data-filter-term='' data-filter-taxonomy=''><div class=\"lsow-block-inner lsow-grid-container  lsow-grid-desktop-2 lsow-grid-tablet-2 lsow-grid-mobile-1\"><div class=\"lsow-block-column lsow-grid-item\">\n        <article\n                class=\"lsow-module-11 lsow-module post-8135 post type-post status-publish format-standard has-post-thumbnail category-blogs-de entry\">\n\n            \n                <div class=\"lsow-module-image\">\n\n                    <div class=\"lsow-module-thumb\">\n\n                        <a class=\"lsow-post-link\" href=\"https:\/\/jachtwerk.com\/de\/blogs-de\/kunststoff-teakdeck-pflegen\/\"><img fetchpriority=\"high\" decoding=\"async\" width=\"600\" height=\"400\" src=\"https:\/\/jachtwerk.com\/wp-content\/uploads\/2026\/01\/kunststof-teakdek-onderhouden-gids-600x400.jpg\" class=\"lsow-image skip-lazy no-lazyload exclude-me a3-notlazy wp-post-image\" alt=\"Zo onderhoud je je teakdek\" data-no-lazy=\"1\" loading=\"eager\" srcset=\"https:\/\/jachtwerk.com\/wp-content\/uploads\/2026\/01\/kunststof-teakdek-onderhouden-gids-600x400.jpg 600w, https:\/\/jachtwerk.com\/wp-content\/uploads\/2026\/01\/kunststof-teakdek-onderhouden-gids-300x201.jpg 300w\" sizes=\"(max-width: 600px) 100vw, 600px\" \/><\/a>\n                        \n                    <\/div>\n\n                    <div class=\"lsow-module-image-info\">\n\n                        <div class=\"lsow-module-entry-info\">\n\n                            \n                            \n                        <\/div>\n\n                    <\/div>\n\n                <\/div>\n\n            \n            <div class=\"lsow-module-entry-text\">\n\n                <h3 class=\"entry-title\"><a href=\"https:\/\/jachtwerk.com\/de\/blogs-de\/kunststoff-teakdeck-pflegen\/\" title=\"Kunststoff-Teakdeck pflegen: Ein umfassender Leitfaden f\u00fcr Reinigung und Werterhalt\" rel=\"bookmark\">Kunststoff-Teakdeck pflegen: Ein umfassender Leitfaden f\u00fcr Reinigung und Werterhalt<\/a><\/h3>\n                <div class=\"lsow-module-meta\">\n                                                                            <\/div>\n\n                <div class=\"lsow-excerpt\">\n                    <div class=\"entry-summary\">Sie gehen an Bord und sehen es sofort. Das Kunststoff-Teakdeck ist nicht wirklich schmutzig, aber es sieht auch nicht mehr so aus, wie Sie es\u2026<\/div><!-- .entry-summary -->                <\/div>\n\n                <div class=\"lsow-read-more\"><a href=\"https:\/\/jachtwerk.com\/de\/blogs-de\/kunststoff-teakdeck-pflegen\/\">Meer lezen<\/a><\/div>\n            <\/div>\n\n        <\/article><!-- .hentry -->\n\n        <\/div><div class=\"lsow-block-column lsow-grid-item\">\n        <article\n                class=\"lsow-module-11 lsow-module post-7613 post type-post status-publish format-standard has-post-thumbnail category-blogs-de entry\">\n\n            \n                <div class=\"lsow-module-image\">\n\n                    <div class=\"lsow-module-thumb\">\n\n                        <a class=\"lsow-post-link\" href=\"https:\/\/jachtwerk.com\/de\/blogs-de\/alles-uber-paneelservice-jachtwerk\/\"><img decoding=\"async\" width=\"600\" height=\"400\" src=\"https:\/\/jachtwerk.com\/wp-content\/uploads\/2024\/04\/Werkwijze-Jachtwerk-teakdekken-Friesland-1-600x400.jpg\" class=\"lsow-image skip-lazy no-lazyload exclude-me a3-notlazy wp-post-image\" alt=\"Werkwijze Jachtwerk teakdekken Friesland\" data-no-lazy=\"1\" loading=\"eager\" srcset=\"https:\/\/jachtwerk.com\/wp-content\/uploads\/2024\/04\/Werkwijze-Jachtwerk-teakdekken-Friesland-1-600x400.jpg 600w, https:\/\/jachtwerk.com\/wp-content\/uploads\/2024\/04\/Werkwijze-Jachtwerk-teakdekken-Friesland-1-300x200.jpg 300w, https:\/\/jachtwerk.com\/wp-content\/uploads\/2024\/04\/Werkwijze-Jachtwerk-teakdekken-Friesland-1-1024x682.jpg 1024w, https:\/\/jachtwerk.com\/wp-content\/uploads\/2024\/04\/Werkwijze-Jachtwerk-teakdekken-Friesland-1-768x512.jpg 768w, https:\/\/jachtwerk.com\/wp-content\/uploads\/2024\/04\/Werkwijze-Jachtwerk-teakdekken-Friesland-1.jpg 1313w\" sizes=\"(max-width: 600px) 100vw, 600px\" \/><\/a>\n                        \n                    <\/div>\n\n                    <div class=\"lsow-module-image-info\">\n\n                        <div class=\"lsow-module-entry-info\">\n\n                            \n                            \n                        <\/div>\n\n                    <\/div>\n\n                <\/div>\n\n            \n            <div class=\"lsow-module-entry-text\">\n\n                <h3 class=\"entry-title\"><a href=\"https:\/\/jachtwerk.com\/de\/blogs-de\/alles-uber-paneelservice-jachtwerk\/\" title=\"Alles was Sie \u00fcber den Paneelservice von Jachtwerk wissen m\u00fcssen\" rel=\"bookmark\">Alles was Sie \u00fcber den Paneelservice von Jachtwerk wissen m\u00fcssen<\/a><\/h3>\n                <div class=\"lsow-module-meta\">\n                                                                            <\/div>\n\n                <div class=\"lsow-excerpt\">\n                    <div class=\"entry-summary\">Ein sauberes, langlebiges Deck, das jeder Witterung m\u00fchelos standh\u00e4lt \u2013 das w\u00fcnscht sich jeder Bootseigner. Ein traditionelles Teakdeck aus Holz nutzt sich mit der Zeit\u2026<\/div><!-- .entry-summary -->                <\/div>\n\n                <div class=\"lsow-read-more\"><a href=\"https:\/\/jachtwerk.com\/de\/blogs-de\/alles-uber-paneelservice-jachtwerk\/\">Meer lezen<\/a><\/div>\n            <\/div>\n\n        <\/article><!-- .hentry -->\n\n        <\/div><div class=\"lsow-block-column lsow-grid-item\">\n        <article\n                class=\"lsow-module-11 lsow-module post-7293 post type-post status-publish format-standard has-post-thumbnail category-blogs-de entry\">\n\n            \n                <div class=\"lsow-module-image\">\n\n                    <div class=\"lsow-module-thumb\">\n\n                        <a class=\"lsow-post-link\" href=\"https:\/\/jachtwerk.com\/de\/blogs-de\/haeufig-gestellte-fragen-zu-kunststoff-teakdecks\/\"><img decoding=\"async\" width=\"600\" height=\"400\" src=\"https:\/\/jachtwerk.com\/wp-content\/uploads\/2022\/07\/20210818_170933-600x400.jpg\" class=\"lsow-image skip-lazy no-lazyload exclude-me a3-notlazy wp-post-image\" alt=\"Kunststof teakdek gelegd in haven Friesland\" data-no-lazy=\"1\" loading=\"eager\" \/><\/a>\n                        \n                    <\/div>\n\n                    <div class=\"lsow-module-image-info\">\n\n                        <div class=\"lsow-module-entry-info\">\n\n                            \n                            \n                        <\/div>\n\n                    <\/div>\n\n                <\/div>\n\n            \n            <div class=\"lsow-module-entry-text\">\n\n                <h3 class=\"entry-title\"><a href=\"https:\/\/jachtwerk.com\/de\/blogs-de\/haeufig-gestellte-fragen-zu-kunststoff-teakdecks\/\" title=\"H\u00e4ufig gestellte Fragen zu Kunststoff-Teakdecks + ausf\u00fchrliche Erkl\u00e4rung!\" rel=\"bookmark\">H\u00e4ufig gestellte Fragen zu Kunststoff-Teakdecks + ausf\u00fchrliche Erkl\u00e4rung!<\/a><\/h3>\n                <div class=\"lsow-module-meta\">\n                                                                            <\/div>\n\n                <div class=\"lsow-excerpt\">\n                    <div class=\"entry-summary\">Denkst du dar\u00fcber nach, deiner Yacht mit einem Kunststoff-Teakdeck ein frisches Aussehen zu verleihen? Bei einer solchen Entscheidung gibt es oft viele Fragen. Du bist\u2026<\/div><!-- .entry-summary -->                <\/div>\n\n                <div class=\"lsow-read-more\"><a href=\"https:\/\/jachtwerk.com\/de\/blogs-de\/haeufig-gestellte-fragen-zu-kunststoff-teakdecks\/\">Meer lezen<\/a><\/div>\n            <\/div>\n\n        <\/article><!-- .hentry -->\n\n        <\/div><div class=\"lsow-block-column lsow-grid-item\">\n        <article\n                class=\"lsow-module-11 lsow-module post-6862 post type-post status-publish format-standard has-post-thumbnail category-blogs-de entry\">\n\n            \n                <div class=\"lsow-module-image\">\n\n                    <div class=\"lsow-module-thumb\">\n\n                        <a class=\"lsow-post-link\" href=\"https:\/\/jachtwerk.com\/de\/blogs-de\/informationsfuehrer-kunststoff-teakdecks\/\"><img decoding=\"async\" width=\"600\" height=\"400\" src=\"https:\/\/jachtwerk.com\/wp-content\/uploads\/2022\/02\/Polar-7-min-600x400.jpg\" class=\"lsow-image skip-lazy no-lazyload exclude-me a3-notlazy wp-post-image\" alt=\"\" data-no-lazy=\"1\" loading=\"eager\" \/><\/a>\n                        \n                    <\/div>\n\n                    <div class=\"lsow-module-image-info\">\n\n                        <div class=\"lsow-module-entry-info\">\n\n                            \n                            \n                        <\/div>\n\n                    <\/div>\n\n                <\/div>\n\n            \n            <div class=\"lsow-module-entry-text\">\n\n                <h3 class=\"entry-title\"><a href=\"https:\/\/jachtwerk.com\/de\/blogs-de\/informationsfuehrer-kunststoff-teakdecks\/\" title=\"Informationsf\u00fchrer f\u00fcr Kunststoff-Teakdecks: Von der Auswahl bis zur Pflege und den Preisen\" rel=\"bookmark\">Informationsf\u00fchrer f\u00fcr Kunststoff-Teakdecks: Von der Auswahl bis zur Pflege und den Preisen<\/a><\/h3>\n                <div class=\"lsow-module-meta\">\n                                                                            <\/div>\n\n                <div class=\"lsow-excerpt\">\n                    <div class=\"entry-summary\">In der nautischen Welt ist die Anziehungskraft eines Teakdecks unbestreitbar. Doch im Hinblick auf Nachhaltigkeit, Pflegeleichtigkeit und Kosten\u00fcberlegungen gewinnt Kunststoff-Teak immer mehr an Beliebtheit. Bist\u2026<\/div><!-- .entry-summary -->                <\/div>\n\n                <div class=\"lsow-read-more\"><a href=\"https:\/\/jachtwerk.com\/de\/blogs-de\/informationsfuehrer-kunststoff-teakdecks\/\">Meer lezen<\/a><\/div>\n            <\/div>\n\n        <\/article><!-- .hentry -->\n\n        <\/div><\/div><!-- .block-inner --><\/div><!-- .block --><\/div><\/div><\/div><\/div><\/div><\/div>","protected":false},"excerpt":{"rendered":"<p>Laat je informeren en inspireren door de blogs van Jachtwerk, teakdekspecialist in Friesland.<\/p>\n","protected":false},"author":1,"featured_media":0,"parent":0,"menu_order":0,"comment_status":"closed","ping_status":"closed","template":"","meta":{"_acf_changed":false,"_genesis_hide_title":false,"_genesis_hide_breadcrumbs":false,"_genesis_hide_singular_image":false,"_genesis_hide_footer_widgets":false,"_genesis_custom_body_class":"","_genesis_custom_post_class":"","_genesis_layout":"content-sidebar","footnotes":""},"class_list":{"0":"post-6846","1":"page","2":"type-page","3":"status-publish","5":"entry"},"acf":[],"_links":{"self":[{"href":"https:\/\/jachtwerk.com\/de\/wp-json\/wp\/v2\/pages\/6846","targetHints":{"allow":["GET"]}}],"collection":[{"href":"https:\/\/jachtwerk.com\/de\/wp-json\/wp\/v2\/pages"}],"about":[{"href":"https:\/\/jachtwerk.com\/de\/wp-json\/wp\/v2\/types\/page"}],"author":[{"embeddable":true,"href":"https:\/\/jachtwerk.com\/de\/wp-json\/wp\/v2\/users\/1"}],"replies":[{"embeddable":true,"href":"https:\/\/jachtwerk.com\/de\/wp-json\/wp\/v2\/comments?post=6846"}],"version-history":[{"count":0,"href":"https:\/\/jachtwerk.com\/de\/wp-json\/wp\/v2\/pages\/6846\/revisions"}],"wp:attachment":[{"href":"https:\/\/jachtwerk.com\/de\/wp-json\/wp\/v2\/media?parent=6846"}],"curies":[{"name":"wp","href":"https:\/\/api.w.org\/{rel}","templated":true}]}}