{"id":6394,"date":"2023-10-02T10:32:36","date_gmt":"2023-10-02T08:32:36","guid":{"rendered":"https:\/\/jachtwerk.com\/?page_id=6394"},"modified":"2024-05-30T15:16:07","modified_gmt":"2024-05-30T13:16:07","slug":"restaurierung-boot","status":"publish","type":"page","link":"https:\/\/jachtwerk.com\/de\/dienstleistungen\/restaurierung-boot\/","title":{"rendered":"Restaurierung Boot"},"content":{"rendered":"<div id=\"pl-6394\"  class=\"panel-layout\" ><div id=\"pg-6394-0\"  class=\"panel-grid panel-has-style\" ><div class=\"panel-row-style panel-row-style-for-6394-0\" ><div id=\"pgc-6394-0-0\"  class=\"panel-grid-cell panel-grid-cell-empty\" ><\/div><div id=\"pgc-6394-0-1\"  class=\"panel-grid-cell panel-grid-cell-mobile-last\" ><div id=\"panel-6394-0-1-0\" class=\"so-panel widget widget_sow-headline panel-first-child\" data-index=\"0\" ><div\n\t\t\t\n\t\t\tclass=\"so-widget-sow-headline so-widget-sow-headline-default-aff10809f5a2-6394 so-widget-fittext-wrapper\"\n\t\t\t data-fit-text-compressor=\"0.85\"\n\t\t><div class=\"sow-headline-container \">\n\t\t\t\t\t\t\t<h1 class=\"sow-headline\">\n\t\t\t\t\t\tRestaurierung Boot\t\t\t\t\t\t<\/h1>\n\t\t\t\t\t\t\t\t\t\t\t<div class=\"decoration\">\n\t\t\t\t\t\t<div class=\"decoration-inside\"><\/div>\n\t\t\t\t\t<\/div>\n\t\t\t\t\t<\/div>\n<\/div><\/div><div id=\"panel-6394-0-1-1\" class=\"so-panel widget widget_sow-editor panel-last-child\" data-index=\"1\" ><div\n\t\t\t\n\t\t\tclass=\"so-widget-sow-editor so-widget-sow-editor-base\"\n\t\t\t\n\t\t>\n<div class=\"siteorigin-widget-tinymce textwidget\">\n\t<p style=\"text-align: center;\">Mit zunehmendem Alter eines Schiffes kann es manchmal notwendig sein, ganze Teile des Schiffes zu ersetzen; eine Restaurierung. Eine vollst\u00e4ndige Restaurierung ist ein tiefgreifendes Ereignis und erfordert Erfahrung, Fachwissen und eine gute Planung. Wir verf\u00fcgen \u00fcber all diese Eigenschaften.<\/p>\n<\/div>\n<\/div><\/div><\/div><div id=\"pgc-6394-0-2\"  class=\"panel-grid-cell panel-grid-cell-empty\" ><\/div><\/div><\/div><div id=\"pg-6394-1\"  class=\"panel-grid panel-has-style\" ><div class=\"siteorigin-panels-stretch panel-row-style panel-row-style-for-6394-1\" data-stretch-type=\"full-width-stretch\" ><div id=\"pgc-6394-1-0\"  class=\"panel-grid-cell\" ><div class=\"panel-cell-style panel-cell-style-for-6394-1-0\" ><div id=\"panel-6394-1-0-0\" class=\"widget_text so-panel widget widget_custom_html panel-first-child panel-last-child\" data-index=\"2\" ><div class=\"textwidget custom-html-widget\"><\/div><\/div><\/div><\/div><div id=\"pgc-6394-1-1\"  class=\"panel-grid-cell\" ><div class=\"panel-cell-style panel-cell-style-for-6394-1-1\" ><div id=\"panel-6394-1-1-0\" class=\"so-panel widget widget_sow-image panel-first-child\" data-index=\"3\" ><div\n\t\t\t\n\t\t\tclass=\"so-widget-sow-image so-widget-sow-image-default-8b5b6f678277-6394\"\n\t\t\t\n\t\t>\n<div class=\"sow-image-container\">\n\t\t<img \n\tsrc=\"https:\/\/jachtwerk.com\/wp-content\/uploads\/2021\/11\/Dek-restauratie.jpg\" width=\"800\" height=\"450\" srcset=\"https:\/\/jachtwerk.com\/wp-content\/uploads\/2021\/11\/Dek-restauratie.jpg 800w, https:\/\/jachtwerk.com\/wp-content\/uploads\/2021\/11\/Dek-restauratie-300x169.jpg 300w, https:\/\/jachtwerk.com\/wp-content\/uploads\/2021\/11\/Dek-restauratie-768x432.jpg 768w\" sizes=\"(max-width: 800px) 100vw, 800px\" title=\"Dek restauratie\" alt=\"Dek restauratie\" \t\tclass=\"so-widget-image\"\/>\n\t<\/div>\n\n<\/div><\/div><div id=\"panel-6394-1-1-1\" class=\"so-panel widget widget_sow-headline\" data-index=\"4\" ><div\n\t\t\t\n\t\t\tclass=\"so-widget-sow-headline so-widget-sow-headline-default-b383d237ba8c-6394 so-widget-fittext-wrapper\"\n\t\t\t data-fit-text-compressor=\"0.85\"\n\t\t><div class=\"sow-headline-container \">\n\t\t\t\t\t\t\t<h2 class=\"sow-headline\">\n\t\t\t\t\t\tArbeitsmethode\t\t\t\t\t\t<\/h2>\n\t\t\t\t\t\t\t\t\t\t\t<div class=\"decoration\">\n\t\t\t\t\t\t<div class=\"decoration-inside\"><\/div>\n\t\t\t\t\t<\/div>\n\t\t\t\t\t<\/div>\n<\/div><\/div><div id=\"panel-6394-1-1-2\" class=\"so-panel widget widget_sow-editor panel-last-child\" data-index=\"5\" ><div\n\t\t\t\n\t\t\tclass=\"so-widget-sow-editor so-widget-sow-editor-base\"\n\t\t\t\n\t\t>\n<div class=\"siteorigin-widget-tinymce textwidget\">\n\t<p>Neben der Neuverlegung von Teakholzdecks \u00fcbernehmen wir auch die Wartung und Reparatur bestehender Decks. Ein von Fachleuten verlegtes Deck ist ein langlebiges Produkt. Im Gegensatz zu einem synthetischen Teakdeck unterliegt ein h\u00f6lzernes Teakdeck der Abnutzung durch Sonne, Meerwasser und Reinigung. Wir f\u00fchren gerne die folgenden Wartungsarbeiten an Ihrem Holzdeck durch:<\/p>\n<ul>\n<li>Nachschleifen des Teakdecks<\/li>\n<li>Abnehmen und Wiederanbringen von Decksplanken<\/li>\n<li>Beschneiden, Fr\u00e4sen und Nachgummieren der N\u00e4hte<\/li>\n<li>Kompletter Abriss und Neulackierung von Teakdeckteilen<\/li>\n<\/ul>\n<\/div>\n<\/div><\/div><\/div><\/div><\/div><\/div><div id=\"pg-6394-2\"  class=\"panel-grid panel-has-style\" ><div class=\"siteorigin-panels-stretch panel-row-style panel-row-style-for-6394-2\" data-stretch-type=\"full-width-stretch\" ><div id=\"pgc-6394-2-0\"  class=\"panel-grid-cell\" ><div class=\"panel-cell-style panel-cell-style-for-6394-2-0\" ><div id=\"panel-6394-2-0-0\" class=\"so-panel widget widget_sow-image panel-first-child\" data-index=\"6\" ><div\n\t\t\t\n\t\t\tclass=\"so-widget-sow-image so-widget-sow-image-default-8b5b6f678277-6394\"\n\t\t\t\n\t\t>\n<div class=\"sow-image-container\">\n\t\t<img \n\tsrc=\"https:\/\/jachtwerk.com\/wp-content\/uploads\/2022\/02\/Super-van-Craft-41-min.jpg\" width=\"2000\" height=\"1500\" srcset=\"https:\/\/jachtwerk.com\/wp-content\/uploads\/2022\/02\/Super-van-Craft-41-min.jpg 2000w, https:\/\/jachtwerk.com\/wp-content\/uploads\/2022\/02\/Super-van-Craft-41-min-300x225.jpg 300w, https:\/\/jachtwerk.com\/wp-content\/uploads\/2022\/02\/Super-van-Craft-41-min-1024x768.jpg 1024w, https:\/\/jachtwerk.com\/wp-content\/uploads\/2022\/02\/Super-van-Craft-41-min-768x576.jpg 768w, https:\/\/jachtwerk.com\/wp-content\/uploads\/2022\/02\/Super-van-Craft-41-min-1536x1152.jpg 1536w, https:\/\/jachtwerk.com\/wp-content\/uploads\/2022\/02\/Super-van-Craft-41-min-2048x1536.jpg 2048w, https:\/\/jachtwerk.com\/wp-content\/uploads\/2022\/02\/Super-van-Craft-41-min-1800x1350.jpg 1800w\" sizes=\"(max-width: 2000px) 100vw, 2000px\" title=\"Restauratie boot\" alt=\"Restauratie boot\" \t\tclass=\"so-widget-image\"\/>\n\t<\/div>\n\n<\/div><\/div><div id=\"panel-6394-2-0-1\" class=\"so-panel widget widget_sow-headline\" data-index=\"7\" ><div\n\t\t\t\n\t\t\tclass=\"so-widget-sow-headline so-widget-sow-headline-default-34388136610d-6394 so-widget-fittext-wrapper\"\n\t\t\t data-fit-text-compressor=\"0.85\"\n\t\t><div class=\"sow-headline-container \">\n\t\t\t\t\t\t\t<h2 class=\"sow-headline\">\n\t\t\t\t\t\tDie Vorteile\t\t\t\t\t\t<\/h2>\n\t\t\t\t\t\t\t\t\t\t\t<div class=\"decoration\">\n\t\t\t\t\t\t<div class=\"decoration-inside\"><\/div>\n\t\t\t\t\t<\/div>\n\t\t\t\t\t<\/div>\n<\/div><\/div><div id=\"panel-6394-2-0-2\" class=\"so-panel widget widget_sow-editor panel-last-child\" data-index=\"8\" ><div\n\t\t\t\n\t\t\tclass=\"so-widget-sow-editor so-widget-sow-editor-base\"\n\t\t\t\n\t\t>\n<div class=\"siteorigin-widget-tinymce textwidget\">\n\t<p>Wir restaurieren ein authentisches Produkt mit modernen Techniken. So entsteht ein Schiff, das sein klassisches Aussehen beh\u00e4lt und dennoch die Vorteile modernen Komforts und Qualit\u00e4t genie\u00dft. Einer dieser Vorteile ist eine geringere Wartungsh\u00e4ufigkeit. Weniger Zeit f\u00fcr Wartungsarbeiten bedeutet mehr Zeit zum Vergn\u00fcgen auf dem Wasser!<\/p>\n<\/div>\n<\/div><\/div><\/div><\/div><div id=\"pgc-6394-2-1\"  class=\"panel-grid-cell\" ><div class=\"panel-cell-style panel-cell-style-for-6394-2-1\" ><div id=\"panel-6394-2-1-0\" class=\"widget_text so-panel widget widget_custom_html panel-first-child panel-last-child\" data-index=\"9\" ><div class=\"textwidget custom-html-widget\"><\/div><\/div><\/div><\/div><\/div><\/div><div id=\"pg-6394-3\"  class=\"panel-grid panel-has-style\" ><div class=\"siteorigin-panels-stretch panel-row-style panel-row-style-for-6394-3\" data-stretch-type=\"full-width-stretch\" ><div id=\"pgc-6394-3-0\"  class=\"panel-grid-cell\" ><div id=\"panel-6394-3-0-0\" class=\"so-panel widget widget_sow-headline panel-first-child panel-last-child\" data-index=\"10\" ><div\n\t\t\t\n\t\t\tclass=\"so-widget-sow-headline so-widget-sow-headline-default-ae458f62eeb6-6394 so-widget-fittext-wrapper\"\n\t\t\t data-fit-text-compressor=\"0.85\"\n\t\t><div class=\"sow-headline-container \">\n\t\t\t\t\t\t\t<h2 class=\"sow-headline\">\n\t\t\t\t\t\tRestauration in der Praxis\t\t\t\t\t\t<\/h2>\n\t\t\t\t\t\t\t\t\t\t\t<div class=\"decoration\">\n\t\t\t\t\t\t<div class=\"decoration-inside\"><\/div>\n\t\t\t\t\t<\/div>\n\t\t\t\t\t<\/div>\n<\/div><\/div><\/div><\/div><\/div><div id=\"pg-6394-4\"  class=\"panel-grid panel-has-style\" ><div class=\"siteorigin-panels-stretch panel-row-style panel-row-style-for-6394-4\" data-stretch-type=\"full\" ><div id=\"pgc-6394-4-0\"  class=\"panel-grid-cell\" ><div id=\"panel-6394-4-0-0\" class=\"so-panel widget widget_sow-image panel-first-child panel-last-child\" data-index=\"11\" ><div\n\t\t\t\n\t\t\tclass=\"so-widget-sow-image so-widget-sow-image-default-dbf295114b96-6394\"\n\t\t\t\n\t\t>\n<div class=\"sow-image-container\">\n\t\t<img \n\tsrc=\"https:\/\/jachtwerk.com\/wp-content\/uploads\/2022\/02\/Super-van-Craft-20-min-600x600.jpg\" width=\"600\" height=\"600\" srcset=\"https:\/\/jachtwerk.com\/wp-content\/uploads\/2022\/02\/Super-van-Craft-20-min-600x600.jpg 600w, https:\/\/jachtwerk.com\/wp-content\/uploads\/2022\/02\/Super-van-Craft-20-min-150x150.jpg 150w, https:\/\/jachtwerk.com\/wp-content\/uploads\/2022\/02\/Super-van-Craft-20-min-400x400.jpg 400w\" sizes=\"(max-width: 600px) 100vw, 600px\" title=\"Super van Craft\" alt=\"\" \t\tclass=\"so-widget-image\"\/>\n\t<\/div>\n\n<\/div><\/div><\/div><div id=\"pgc-6394-4-1\"  class=\"panel-grid-cell\" ><div id=\"panel-6394-4-1-0\" class=\"so-panel widget widget_sow-image panel-first-child panel-last-child\" data-index=\"12\" ><div\n\t\t\t\n\t\t\tclass=\"so-widget-sow-image so-widget-sow-image-default-dbf295114b96-6394\"\n\t\t\t\n\t\t>\n<div class=\"sow-image-container\">\n\t\t<img \n\tsrc=\"https:\/\/jachtwerk.com\/wp-content\/uploads\/2022\/02\/Super-van-Craft-17-min-600x600.jpg\" width=\"600\" height=\"600\" srcset=\"https:\/\/jachtwerk.com\/wp-content\/uploads\/2022\/02\/Super-van-Craft-17-min-600x600.jpg 600w, https:\/\/jachtwerk.com\/wp-content\/uploads\/2022\/02\/Super-van-Craft-17-min-150x150.jpg 150w, https:\/\/jachtwerk.com\/wp-content\/uploads\/2022\/02\/Super-van-Craft-17-min-400x400.jpg 400w\" sizes=\"(max-width: 600px) 100vw, 600px\" title=\"Super van Craft\" alt=\"\" \t\tclass=\"so-widget-image\"\/>\n\t<\/div>\n\n<\/div><\/div><\/div><div id=\"pgc-6394-4-2\"  class=\"panel-grid-cell\" ><div id=\"panel-6394-4-2-0\" class=\"so-panel widget widget_sow-image panel-first-child panel-last-child\" data-index=\"13\" ><div\n\t\t\t\n\t\t\tclass=\"so-widget-sow-image so-widget-sow-image-default-dbf295114b96-6394\"\n\t\t\t\n\t\t>\n<div class=\"sow-image-container\">\n\t\t<img \n\tsrc=\"https:\/\/jachtwerk.com\/wp-content\/uploads\/2022\/02\/Super-van-Craft-7-min-600x600.jpg\" width=\"600\" height=\"600\" srcset=\"https:\/\/jachtwerk.com\/wp-content\/uploads\/2022\/02\/Super-van-Craft-7-min-600x600.jpg 600w, https:\/\/jachtwerk.com\/wp-content\/uploads\/2022\/02\/Super-van-Craft-7-min-150x150.jpg 150w, https:\/\/jachtwerk.com\/wp-content\/uploads\/2022\/02\/Super-van-Craft-7-min-400x400.jpg 400w\" sizes=\"(max-width: 600px) 100vw, 600px\" title=\"Super van Craft\" alt=\"\" \t\tclass=\"so-widget-image\"\/>\n\t<\/div>\n\n<\/div><\/div><\/div><\/div><\/div><div id=\"pg-6394-5\"  class=\"panel-grid panel-has-style\" ><div class=\"siteorigin-panels-stretch panel-row-style panel-row-style-for-6394-5\" data-stretch-type=\"full\" ><div id=\"pgc-6394-5-0\"  class=\"panel-grid-cell\" ><div id=\"panel-6394-5-0-0\" class=\"so-panel widget widget_sow-headline panel-first-child\" data-index=\"14\" ><div\n\t\t\t\n\t\t\tclass=\"so-widget-sow-headline so-widget-sow-headline-default-19b1dd5047bb-6394 so-widget-fittext-wrapper\"\n\t\t\t data-fit-text-compressor=\"0.85\"\n\t\t><div class=\"sow-headline-container \">\n\t\t\t\t\t\t\t<h2 class=\"sow-headline\">\n\t\t\t\t\t\tRestauration f\u00fcr Ihr Boot in Auftrag geben?\t\t\t\t\t\t<\/h2>\n\t\t\t\t\t\t\t\t\t\t\t<div class=\"decoration\">\n\t\t\t\t\t\t<div class=\"decoration-inside\"><\/div>\n\t\t\t\t\t<\/div>\n\t\t\t\t\t<\/div>\n<\/div><\/div><div id=\"panel-6394-5-0-1\" class=\"so-panel widget widget_sow-editor\" data-index=\"15\" ><div\n\t\t\t\n\t\t\tclass=\"so-widget-sow-editor so-widget-sow-editor-base\"\n\t\t\t\n\t\t>\n<div class=\"siteorigin-widget-tinymce textwidget\">\n\t<p style=\"text-align: center;\">Ein Preisvorschlag ist schnell bei Jachtwerk angefordert. Ganz individuell und unverbindlich!<\/p>\n<\/div>\n<\/div><\/div><div id=\"panel-6394-5-0-2\" class=\"so-panel widget widget_sow-button panel-last-child\" data-index=\"16\" ><div\n\t\t\t\n\t\t\tclass=\"so-widget-sow-button so-widget-sow-button-atom-f54c0409268f-6394\"\n\t\t\t\n\t\t><div class=\"ow-button-base ow-button-align-center\"\n>\n\t\t\t<a\n\t\t\t\t\thref=\"https:\/\/jachtwerk.com\/de\/kontakt\/\"\n\t\t\t\t\tclass=\"sowb-button ow-icon-placement-left ow-button-hover\" \t>\n\t\t<span>\n\t\t\t\n\t\t\tKontakt aufnehmen\t\t<\/span>\n\t\t\t<\/a>\n\t<\/div>\n<\/div><\/div><\/div><\/div><\/div><\/div>","protected":false},"excerpt":{"rendered":"<p>Mit zunehmendem Alter eines Schiffes kann es manchmal notwendig sein, ganze Teile des Schiffes zu ersetzen; eine Restaurierung. Eine vollst\u00e4ndige Restaurierung ist ein tiefgreifendes Ereignis und erfordert Erfahrung, Fachwissen und eine gute Planung. Wir verf\u00fcgen \u00fcber all diese Eigenschaften. Neben der Neuverlegung von Teakholzdecks \u00fcbernehmen wir auch die Wartung und Reparatur bestehender Decks. Ein von [&hellip;]<\/p>\n","protected":false},"author":1,"featured_media":0,"parent":6327,"menu_order":0,"comment_status":"closed","ping_status":"closed","template":"","meta":{"_acf_changed":false,"_genesis_hide_title":false,"_genesis_hide_breadcrumbs":false,"_genesis_hide_singular_image":false,"_genesis_hide_footer_widgets":false,"_genesis_custom_body_class":"","_genesis_custom_post_class":"","_genesis_layout":"","footnotes":""},"class_list":{"0":"post-6394","1":"page","2":"type-page","3":"status-publish","5":"entry"},"acf":[],"_links":{"self":[{"href":"https:\/\/jachtwerk.com\/de\/wp-json\/wp\/v2\/pages\/6394","targetHints":{"allow":["GET"]}}],"collection":[{"href":"https:\/\/jachtwerk.com\/de\/wp-json\/wp\/v2\/pages"}],"about":[{"href":"https:\/\/jachtwerk.com\/de\/wp-json\/wp\/v2\/types\/page"}],"author":[{"embeddable":true,"href":"https:\/\/jachtwerk.com\/de\/wp-json\/wp\/v2\/users\/1"}],"replies":[{"embeddable":true,"href":"https:\/\/jachtwerk.com\/de\/wp-json\/wp\/v2\/comments?post=6394"}],"version-history":[{"count":0,"href":"https:\/\/jachtwerk.com\/de\/wp-json\/wp\/v2\/pages\/6394\/revisions"}],"up":[{"embeddable":true,"href":"https:\/\/jachtwerk.com\/de\/wp-json\/wp\/v2\/pages\/6327"}],"wp:attachment":[{"href":"https:\/\/jachtwerk.com\/de\/wp-json\/wp\/v2\/media?parent=6394"}],"curies":[{"name":"wp","href":"https:\/\/api.w.org\/{rel}","templated":true}]}}