{"id":6361,"date":"2023-10-02T10:13:26","date_gmt":"2023-10-02T08:13:26","guid":{"rendered":"https:\/\/jachtwerk.com\/?page_id=6361"},"modified":"2024-05-30T15:29:19","modified_gmt":"2024-05-30T13:29:19","slug":"interne-tischlerei","status":"publish","type":"page","link":"https:\/\/jachtwerk.com\/de\/dienstleistungen\/interne-tischlerei\/","title":{"rendered":"Interne Tischlerei"},"content":{"rendered":"<div id=\"pl-6361\"  class=\"panel-layout\" ><div id=\"pg-6361-0\"  class=\"panel-grid panel-has-style\" ><div class=\"panel-row-style panel-row-style-for-6361-0\" ><div id=\"pgc-6361-0-0\"  class=\"panel-grid-cell panel-grid-cell-empty\" ><\/div><div id=\"pgc-6361-0-1\"  class=\"panel-grid-cell panel-grid-cell-mobile-last\" ><div id=\"panel-6361-0-1-0\" class=\"so-panel widget widget_sow-headline panel-first-child\" data-index=\"0\" ><div\n\t\t\t\n\t\t\tclass=\"so-widget-sow-headline so-widget-sow-headline-default-98b18966b4e4-6361 so-widget-fittext-wrapper\"\n\t\t\t data-fit-text-compressor=\"0.85\"\n\t\t><div class=\"sow-headline-container \">\n\t\t\t\t\t\t\t<h1 class=\"sow-headline\">\n\t\t\t\t\t\tInterne Tischlerei f\u00fcr Ihr Boot\t\t\t\t\t\t<\/h1>\n\t\t\t\t\t\t\t\t\t\t\t<div class=\"decoration\">\n\t\t\t\t\t\t<div class=\"decoration-inside\"><\/div>\n\t\t\t\t\t<\/div>\n\t\t\t\t\t<\/div>\n<\/div><\/div><div id=\"panel-6361-0-1-1\" class=\"so-panel widget widget_sow-editor panel-last-child\" data-index=\"1\" ><div\n\t\t\t\n\t\t\tclass=\"so-widget-sow-editor so-widget-sow-editor-base\"\n\t\t\t\n\t\t>\n<div class=\"siteorigin-widget-tinymce textwidget\">\n\t<p style=\"text-align: center;\">Unsere Erfahrung im Innenausbau sammelten wir in den letzten Jahren bei unz\u00e4hligen sch\u00f6nen Projekten. Vom klassischen Motorboot bis zur luxuri\u00f6sen Segelyacht; wir bieten eine ma\u00dfgeschneiderte L\u00f6sung. Unser Komplettservice beinhaltet:<\/p>\n<p style=\"text-align: center;\">Neuschleifen des Teakdecks<\/p>\n<p style=\"text-align: center;\">Entfernen und erneutes Einlassen der Decksteile<\/p>\n<p style=\"text-align: center;\">Ausschneiden, Ausfr\u00e4sen und erneutes Verfugen der Deckfugen<\/p>\n<p style=\"text-align: center;\">Komplettes Abtragen von Teilen des Teakdecks und deren Anf\u00fcgen<\/p>\n<\/div>\n<\/div><\/div><\/div><div id=\"pgc-6361-0-2\"  class=\"panel-grid-cell panel-grid-cell-empty\" ><\/div><\/div><\/div><div id=\"pg-6361-1\"  class=\"panel-grid panel-has-style\" ><div class=\"siteorigin-panels-stretch panel-row-style panel-row-style-for-6361-1\" data-stretch-type=\"full-width-stretch\" ><div id=\"pgc-6361-1-0\"  class=\"panel-grid-cell\" ><div id=\"panel-6361-1-0-0\" class=\"so-panel widget widget_sow-headline panel-first-child panel-last-child\" data-index=\"2\" ><div\n\t\t\t\n\t\t\tclass=\"so-widget-sow-headline so-widget-sow-headline-default-1a22a86c2c06-6361 so-widget-fittext-wrapper\"\n\t\t\t data-fit-text-compressor=\"0.85\"\n\t\t><div class=\"sow-headline-container \">\n\t\t\t\t\t\t\t<h2 class=\"sow-headline\">\n\t\t\t\t\t\tEinige unserer Projekte\t\t\t\t\t\t<\/h2>\n\t\t\t\t\t\t\t\t\t\t\t<div class=\"decoration\">\n\t\t\t\t\t\t<div class=\"decoration-inside\"><\/div>\n\t\t\t\t\t<\/div>\n\t\t\t\t\t<\/div>\n<\/div><\/div><\/div><\/div><\/div><div id=\"pg-6361-2\"  class=\"panel-grid panel-has-style\" ><div class=\"siteorigin-panels-stretch panel-row-style panel-row-style-for-6361-2\" data-stretch-type=\"full\" ><div id=\"pgc-6361-2-0\"  class=\"panel-grid-cell\" ><div id=\"panel-6361-2-0-0\" class=\"so-panel widget widget_sow-image panel-first-child panel-last-child\" data-index=\"3\" ><div\n\t\t\t\n\t\t\tclass=\"so-widget-sow-image so-widget-sow-image-default-dbf295114b96-6361\"\n\t\t\t\n\t\t>\n<div class=\"sow-image-container\">\n\t\t<img \n\tsrc=\"https:\/\/jachtwerk.com\/wp-content\/uploads\/2022\/02\/ABIM-Elipse-1-min-600x600.jpg\" width=\"600\" height=\"600\" srcset=\"https:\/\/jachtwerk.com\/wp-content\/uploads\/2022\/02\/ABIM-Elipse-1-min-600x600.jpg 600w, https:\/\/jachtwerk.com\/wp-content\/uploads\/2022\/02\/ABIM-Elipse-1-min-150x150.jpg 150w, https:\/\/jachtwerk.com\/wp-content\/uploads\/2022\/02\/ABIM-Elipse-1-min-400x400.jpg 400w\" sizes=\"(max-width: 600px) 100vw, 600px\" title=\"ABIM Elipse\" alt=\"\" \t\tclass=\"so-widget-image\"\/>\n\t<\/div>\n\n<\/div><\/div><\/div><div id=\"pgc-6361-2-1\"  class=\"panel-grid-cell\" ><div id=\"panel-6361-2-1-0\" class=\"so-panel widget widget_sow-image panel-first-child panel-last-child\" data-index=\"4\" ><div\n\t\t\t\n\t\t\tclass=\"so-widget-sow-image so-widget-sow-image-default-dbf295114b96-6361\"\n\t\t\t\n\t\t>\n<div class=\"sow-image-container\">\n\t\t<img \n\tsrc=\"https:\/\/jachtwerk.com\/wp-content\/uploads\/2022\/02\/ABIM-Elipse-3-min-600x600.jpg\" width=\"600\" height=\"600\" srcset=\"https:\/\/jachtwerk.com\/wp-content\/uploads\/2022\/02\/ABIM-Elipse-3-min-600x600.jpg 600w, https:\/\/jachtwerk.com\/wp-content\/uploads\/2022\/02\/ABIM-Elipse-3-min-150x150.jpg 150w, https:\/\/jachtwerk.com\/wp-content\/uploads\/2022\/02\/ABIM-Elipse-3-min-400x400.jpg 400w\" sizes=\"(max-width: 600px) 100vw, 600px\" title=\"Inteieur betimmering dienst\" alt=\"Inteieur betimmering dienst\" \t\tclass=\"so-widget-image\"\/>\n\t<\/div>\n\n<\/div><\/div><\/div><div id=\"pgc-6361-2-2\"  class=\"panel-grid-cell\" ><div id=\"panel-6361-2-2-0\" class=\"so-panel widget widget_sow-image panel-first-child panel-last-child\" data-index=\"5\" ><div\n\t\t\t\n\t\t\tclass=\"so-widget-sow-image so-widget-sow-image-default-dbf295114b96-6361\"\n\t\t\t\n\t\t>\n<div class=\"sow-image-container\">\n\t\t<img \n\tsrc=\"https:\/\/jachtwerk.com\/wp-content\/uploads\/2022\/02\/ABIM-Elipse-2-min-600x600.jpg\" width=\"600\" height=\"600\" srcset=\"https:\/\/jachtwerk.com\/wp-content\/uploads\/2022\/02\/ABIM-Elipse-2-min-600x600.jpg 600w, https:\/\/jachtwerk.com\/wp-content\/uploads\/2022\/02\/ABIM-Elipse-2-min-150x150.jpg 150w, https:\/\/jachtwerk.com\/wp-content\/uploads\/2022\/02\/ABIM-Elipse-2-min-400x400.jpg 400w\" sizes=\"(max-width: 600px) 100vw, 600px\" title=\"interieur betimmering dienst\" alt=\"interieur betimmering dienst\" \t\tclass=\"so-widget-image\"\/>\n\t<\/div>\n\n<\/div><\/div><\/div><\/div><\/div><div id=\"pg-6361-3\"  class=\"panel-grid panel-has-style\" ><div class=\"siteorigin-panels-stretch panel-row-style panel-row-style-for-6361-3\" data-stretch-type=\"full\" ><div id=\"pgc-6361-3-0\"  class=\"panel-grid-cell\" ><div id=\"panel-6361-3-0-0\" class=\"so-panel widget widget_sow-headline panel-first-child\" data-index=\"6\" ><div\n\t\t\t\n\t\t\tclass=\"so-widget-sow-headline so-widget-sow-headline-default-60b9678edd2e-6361 so-widget-fittext-wrapper\"\n\t\t\t data-fit-text-compressor=\"0.85\"\n\t\t><div class=\"sow-headline-container \">\n\t\t\t\t\t\t\t<h2 class=\"sow-headline\">\n\t\t\t\t\t\tM\u00f6chten Sie Tischlereiarbeiten durchf\u00fchren lassen?\t\t\t\t\t\t<\/h2>\n\t\t\t\t\t\t\t\t\t\t\t<div class=\"decoration\">\n\t\t\t\t\t\t<div class=\"decoration-inside\"><\/div>\n\t\t\t\t\t<\/div>\n\t\t\t\t\t<\/div>\n<\/div><\/div><div id=\"panel-6361-3-0-1\" class=\"so-panel widget widget_sow-editor\" data-index=\"7\" ><div\n\t\t\t\n\t\t\tclass=\"so-widget-sow-editor so-widget-sow-editor-base\"\n\t\t\t\n\t\t>\n<div class=\"siteorigin-widget-tinymce textwidget\">\n\t<p style=\"text-align: center;\">Besuchen Sie uns gerne an unserem Standort oder fragen Sie nach den Bedingungen. Der Kaffee steht bereit!<\/p>\n<\/div>\n<\/div><\/div><div id=\"panel-6361-3-0-2\" class=\"so-panel widget widget_sow-button panel-last-child\" data-index=\"8\" ><div\n\t\t\t\n\t\t\tclass=\"so-widget-sow-button so-widget-sow-button-atom-f54c0409268f-6361\"\n\t\t\t\n\t\t><div class=\"ow-button-base ow-button-align-center\"\n>\n\t\t\t<a\n\t\t\t\t\thref=\"https:\/\/jachtwerk.com\/de\/kontakt\/\"\n\t\t\t\t\tclass=\"sowb-button ow-icon-placement-left ow-button-hover\" \t>\n\t\t<span>\n\t\t\t\n\t\t\tKontakt aufnehmen\t\t<\/span>\n\t\t\t<\/a>\n\t<\/div>\n<\/div><\/div><\/div><\/div><\/div><\/div>","protected":false},"excerpt":{"rendered":"<p>Unsere Erfahrung im Innenausbau sammelten wir in den letzten Jahren bei unz\u00e4hligen sch\u00f6nen Projekten. Vom klassischen Motorboot bis zur luxuri\u00f6sen Segelyacht; wir bieten eine ma\u00dfgeschneiderte L\u00f6sung. Unser Komplettservice beinhaltet: Neuschleifen des Teakdecks Entfernen und erneutes Einlassen der Decksteile Ausschneiden, Ausfr\u00e4sen und erneutes Verfugen der Deckfugen Komplettes Abtragen von Teilen des Teakdecks und deren Anf\u00fcgen<\/p>\n","protected":false},"author":1,"featured_media":0,"parent":6327,"menu_order":0,"comment_status":"closed","ping_status":"closed","template":"","meta":{"_acf_changed":false,"_genesis_hide_title":false,"_genesis_hide_breadcrumbs":false,"_genesis_hide_singular_image":false,"_genesis_hide_footer_widgets":false,"_genesis_custom_body_class":"","_genesis_custom_post_class":"","_genesis_layout":"","footnotes":""},"class_list":{"0":"post-6361","1":"page","2":"type-page","3":"status-publish","5":"entry"},"acf":[],"_links":{"self":[{"href":"https:\/\/jachtwerk.com\/de\/wp-json\/wp\/v2\/pages\/6361","targetHints":{"allow":["GET"]}}],"collection":[{"href":"https:\/\/jachtwerk.com\/de\/wp-json\/wp\/v2\/pages"}],"about":[{"href":"https:\/\/jachtwerk.com\/de\/wp-json\/wp\/v2\/types\/page"}],"author":[{"embeddable":true,"href":"https:\/\/jachtwerk.com\/de\/wp-json\/wp\/v2\/users\/1"}],"replies":[{"embeddable":true,"href":"https:\/\/jachtwerk.com\/de\/wp-json\/wp\/v2\/comments?post=6361"}],"version-history":[{"count":0,"href":"https:\/\/jachtwerk.com\/de\/wp-json\/wp\/v2\/pages\/6361\/revisions"}],"up":[{"embeddable":true,"href":"https:\/\/jachtwerk.com\/de\/wp-json\/wp\/v2\/pages\/6327"}],"wp:attachment":[{"href":"https:\/\/jachtwerk.com\/de\/wp-json\/wp\/v2\/media?parent=6361"}],"curies":[{"name":"wp","href":"https:\/\/api.w.org\/{rel}","templated":true}]}}