{"id":6341,"date":"2023-10-02T10:08:56","date_gmt":"2023-10-02T08:08:56","guid":{"rendered":"https:\/\/jachtwerk.com\/?page_id=6341"},"modified":"2024-05-30T15:23:17","modified_gmt":"2024-05-30T13:23:17","slug":"externe-tischlerei","status":"publish","type":"page","link":"https:\/\/jachtwerk.com\/de\/dienstleistungen\/externe-tischlerei\/","title":{"rendered":"Externe Tischlerei"},"content":{"rendered":"<div id=\"pl-6341\"  class=\"panel-layout\" ><div id=\"pg-6341-0\"  class=\"panel-grid panel-has-style\" ><div class=\"panel-row-style panel-row-style-for-6341-0\" ><div id=\"pgc-6341-0-0\"  class=\"panel-grid-cell panel-grid-cell-empty\" ><\/div><div id=\"pgc-6341-0-1\"  class=\"panel-grid-cell panel-grid-cell-mobile-last\" ><div id=\"panel-6341-0-1-0\" class=\"so-panel widget widget_sow-headline panel-first-child\" data-index=\"0\" ><div\n\t\t\t\n\t\t\tclass=\"so-widget-sow-headline so-widget-sow-headline-default-5425fefaf70e-6341 so-widget-fittext-wrapper\"\n\t\t\t data-fit-text-compressor=\"0.85\"\n\t\t><div class=\"sow-headline-container \">\n\t\t\t\t\t\t\t<h1 class=\"sow-sub-headline\">\n\t\t\t\t\t\tExterne Tischlerei f\u00fcr Ihr Boot\t\t\t\t\t\t<\/h1>\n\t\t\t\t\t\t\t\t\t\t\t<div class=\"decoration\">\n\t\t\t\t\t\t<div class=\"decoration-inside\"><\/div>\n\t\t\t\t\t<\/div>\n\t\t\t\t\t<\/div>\n<\/div><\/div><div id=\"panel-6341-0-1-1\" class=\"so-panel widget widget_sow-editor panel-last-child\" data-index=\"1\" ><div\n\t\t\t\n\t\t\tclass=\"so-widget-sow-editor so-widget-sow-editor-base\"\n\t\t\t\n\t\t>\n<div class=\"siteorigin-widget-tinymce textwidget\">\n\t<p style=\"text-align: center;\">Jedes Projekt erfordert Aufmerksamkeit und einen individuellen Ansatz. Daher ist jeder Auftrag bei uns ma\u00dfgeschneidert. Wir liefern nur Qualit\u00e4tsarbeit. Auf der Werft arbeiten wir in enger Abstimmung mit Ihnen an Verbesserungen oder Reparaturen Ihres Schiffes. Welche Aufgabe es auch immer ist, wir haben immer eine L\u00f6sung. Neben umfangreichen Tischler- und Reparaturarbeiten bieten wir auch L\u00f6sungen f\u00fcr z.B. Roste, Treppenstufen, Bordw\u00e4nde, T\u00fcren und Tischplatten an.<\/p>\n<\/div>\n<\/div><\/div><\/div><div id=\"pgc-6341-0-2\"  class=\"panel-grid-cell panel-grid-cell-empty\" ><\/div><\/div><\/div><div id=\"pg-6341-1\"  class=\"panel-grid panel-has-style\" ><div class=\"siteorigin-panels-stretch panel-row-style panel-row-style-for-6341-1\" data-stretch-type=\"full-width-stretch\" ><div id=\"pgc-6341-1-0\"  class=\"panel-grid-cell\" ><div id=\"panel-6341-1-0-0\" class=\"so-panel widget widget_sow-headline panel-first-child panel-last-child\" data-index=\"2\" ><div\n\t\t\t\n\t\t\tclass=\"so-widget-sow-headline so-widget-sow-headline-default-ae458f62eeb6-6341 so-widget-fittext-wrapper\"\n\t\t\t data-fit-text-compressor=\"0.85\"\n\t\t><div class=\"sow-headline-container \">\n\t\t\t\t\t\t\t<h2 class=\"sow-headline\">\n\t\t\t\t\t\tProjekte f\u00fcr Externe Tischlerei\t\t\t\t\t\t<\/h2>\n\t\t\t\t\t\t\t\t\t\t\t<div class=\"decoration\">\n\t\t\t\t\t\t<div class=\"decoration-inside\"><\/div>\n\t\t\t\t\t<\/div>\n\t\t\t\t\t<\/div>\n<\/div><\/div><\/div><\/div><\/div><div id=\"pg-6341-2\"  class=\"panel-grid panel-has-style\" ><div class=\"siteorigin-panels-stretch panel-row-style panel-row-style-for-6341-2\" data-stretch-type=\"full\" ><div id=\"pgc-6341-2-0\"  class=\"panel-grid-cell\" ><div id=\"panel-6341-2-0-0\" class=\"so-panel widget widget_sow-image panel-first-child\" data-index=\"3\" ><div\n\t\t\t\n\t\t\tclass=\"so-widget-sow-image so-widget-sow-image-default-dbf295114b96-6341\"\n\t\t\t\n\t\t>\n<div class=\"sow-image-container\">\n\t\t<img \n\tsrc=\"https:\/\/jachtwerk.com\/wp-content\/uploads\/2022\/02\/Halberg-Rassy-45-3-600x600.jpg\" width=\"600\" height=\"600\" srcset=\"https:\/\/jachtwerk.com\/wp-content\/uploads\/2022\/02\/Halberg-Rassy-45-3-600x600.jpg 600w, https:\/\/jachtwerk.com\/wp-content\/uploads\/2022\/02\/Halberg-Rassy-45-3-150x150.jpg 150w, https:\/\/jachtwerk.com\/wp-content\/uploads\/2022\/02\/Halberg-Rassy-45-3-400x400.jpg 400w\" sizes=\"(max-width: 600px) 100vw, 600px\" title=\"Halberg Rassy 45 3\" alt=\"\" \t\tclass=\"so-widget-image\"\/>\n\t<\/div>\n\n<\/div><\/div><div id=\"panel-6341-2-0-1\" class=\"so-panel widget widget_sow-image panel-last-child\" data-index=\"4\" ><div\n\t\t\t\n\t\t\tclass=\"so-widget-sow-image so-widget-sow-image-default-dbf295114b96-6341\"\n\t\t\t\n\t\t>\n<div class=\"sow-image-container\">\n\t\t<img \n\tsrc=\"https:\/\/jachtwerk.com\/wp-content\/uploads\/2022\/02\/Super-van-Craft-35-min-600x600.jpg\" width=\"600\" height=\"600\" srcset=\"https:\/\/jachtwerk.com\/wp-content\/uploads\/2022\/02\/Super-van-Craft-35-min-600x600.jpg 600w, https:\/\/jachtwerk.com\/wp-content\/uploads\/2022\/02\/Super-van-Craft-35-min-150x150.jpg 150w, https:\/\/jachtwerk.com\/wp-content\/uploads\/2022\/02\/Super-van-Craft-35-min-400x400.jpg 400w\" sizes=\"(max-width: 600px) 100vw, 600px\" title=\"Exterieur betimmering\" alt=\"Exterieur betimmering\" \t\tclass=\"so-widget-image\"\/>\n\t<\/div>\n\n<\/div><\/div><\/div><div id=\"pgc-6341-2-1\"  class=\"panel-grid-cell\" ><div id=\"panel-6341-2-1-0\" class=\"so-panel widget widget_sow-image panel-first-child\" data-index=\"5\" ><div\n\t\t\t\n\t\t\tclass=\"so-widget-sow-image so-widget-sow-image-default-dbf295114b96-6341\"\n\t\t\t\n\t\t>\n<div class=\"sow-image-container\">\n\t\t<img \n\tsrc=\"https:\/\/jachtwerk.com\/wp-content\/uploads\/2021\/08\/Exterieur-teak-600x600.jpg\" width=\"600\" height=\"600\" srcset=\"https:\/\/jachtwerk.com\/wp-content\/uploads\/2021\/08\/Exterieur-teak-600x600.jpg 600w, https:\/\/jachtwerk.com\/wp-content\/uploads\/2021\/08\/Exterieur-teak-150x150.jpg 150w, https:\/\/jachtwerk.com\/wp-content\/uploads\/2021\/08\/Exterieur-teak-400x400.jpg 400w\" sizes=\"(max-width: 600px) 100vw, 600px\" title=\"Exterieur teak\" alt=\"Exterieur teak\" \t\tclass=\"so-widget-image\"\/>\n\t<\/div>\n\n<\/div><\/div><div id=\"panel-6341-2-1-1\" class=\"so-panel widget widget_sow-image panel-last-child\" data-index=\"6\" ><div\n\t\t\t\n\t\t\tclass=\"so-widget-sow-image so-widget-sow-image-default-dbf295114b96-6341\"\n\t\t\t\n\t\t>\n<div class=\"sow-image-container\">\n\t\t<img \n\tsrc=\"https:\/\/jachtwerk.com\/wp-content\/uploads\/2021\/11\/20200730_121458-600x600.jpg\" width=\"600\" height=\"600\" srcset=\"https:\/\/jachtwerk.com\/wp-content\/uploads\/2021\/11\/20200730_121458-600x600.jpg 600w, https:\/\/jachtwerk.com\/wp-content\/uploads\/2021\/11\/20200730_121458-150x150.jpg 150w, https:\/\/jachtwerk.com\/wp-content\/uploads\/2021\/11\/20200730_121458-400x400.jpg 400w\" sizes=\"(max-width: 600px) 100vw, 600px\" title=\"Teakdekken Polar\" alt=\"Teakdekken Polar\" \t\tclass=\"so-widget-image\"\/>\n\t<\/div>\n\n<\/div><\/div><\/div><div id=\"pgc-6341-2-2\"  class=\"panel-grid-cell\" ><div id=\"panel-6341-2-2-0\" class=\"so-panel widget widget_sow-image panel-first-child\" data-index=\"7\" ><div\n\t\t\t\n\t\t\tclass=\"so-widget-sow-image so-widget-sow-image-default-dbf295114b96-6341\"\n\t\t\t\n\t\t>\n<div class=\"sow-image-container\">\n\t\t<img \n\tsrc=\"https:\/\/jachtwerk.com\/wp-content\/uploads\/2022\/02\/Halberg-Rassy-45-6-1-600x600.jpg\" width=\"600\" height=\"600\" srcset=\"https:\/\/jachtwerk.com\/wp-content\/uploads\/2022\/02\/Halberg-Rassy-45-6-1-600x600.jpg 600w, https:\/\/jachtwerk.com\/wp-content\/uploads\/2022\/02\/Halberg-Rassy-45-6-1-150x150.jpg 150w, https:\/\/jachtwerk.com\/wp-content\/uploads\/2022\/02\/Halberg-Rassy-45-6-1-400x400.jpg 400w\" sizes=\"(max-width: 600px) 100vw, 600px\" title=\"Halberg Rassy 45\" alt=\"\" \t\tclass=\"so-widget-image\"\/>\n\t<\/div>\n\n<\/div><\/div><div id=\"panel-6341-2-2-1\" class=\"so-panel widget widget_sow-image panel-last-child\" data-index=\"8\" ><div\n\t\t\t\n\t\t\tclass=\"so-widget-sow-image so-widget-sow-image-default-dbf295114b96-6341\"\n\t\t\t\n\t\t>\n<div class=\"sow-image-container\">\n\t\t<img \n\tsrc=\"https:\/\/jachtwerk.com\/wp-content\/uploads\/2022\/07\/20201203_130737-600x600.jpg\" width=\"600\" height=\"600\" srcset=\"https:\/\/jachtwerk.com\/wp-content\/uploads\/2022\/07\/20201203_130737-600x600.jpg 600w, https:\/\/jachtwerk.com\/wp-content\/uploads\/2022\/07\/20201203_130737-150x150.jpg 150w, https:\/\/jachtwerk.com\/wp-content\/uploads\/2022\/07\/20201203_130737-400x400.jpg 400w\" sizes=\"(max-width: 600px) 100vw, 600px\" title=\"Teakdekken Zeilboot Breehorn\" alt=\"Teakdekken Zeilboot Breehorn\" \t\tclass=\"so-widget-image\"\/>\n\t<\/div>\n\n<\/div><\/div><\/div><\/div><\/div><div id=\"pg-6341-3\"  class=\"panel-grid panel-has-style\" ><div class=\"siteorigin-panels-stretch panel-row-style panel-row-style-for-6341-3\" data-stretch-type=\"full\" ><div id=\"pgc-6341-3-0\"  class=\"panel-grid-cell\" ><div id=\"panel-6341-3-0-0\" class=\"so-panel widget widget_sow-headline panel-first-child\" data-index=\"9\" ><div\n\t\t\t\n\t\t\tclass=\"so-widget-sow-headline so-widget-sow-headline-default-0fc0ccb40b78-6341 so-widget-fittext-wrapper\"\n\t\t\t data-fit-text-compressor=\"0.85\"\n\t\t><div class=\"sow-headline-container \">\n\t\t\t\t\t\t\t<h2 class=\"sow-sub-headline\">\n\t\t\t\t\t\tM\u00f6chten Sie externe Tischlereiarbeiten durchf\u00fchren lassen?\t\t\t\t\t\t<\/h2>\n\t\t\t\t\t\t\t\t\t\t\t<div class=\"decoration\">\n\t\t\t\t\t\t<div class=\"decoration-inside\"><\/div>\n\t\t\t\t\t<\/div>\n\t\t\t\t\t<\/div>\n<\/div><\/div><div id=\"panel-6341-3-0-1\" class=\"so-panel widget widget_sow-editor\" data-index=\"10\" ><div\n\t\t\t\n\t\t\tclass=\"so-widget-sow-editor so-widget-sow-editor-base\"\n\t\t\t\n\t\t>\n<div class=\"siteorigin-widget-tinymce textwidget\">\n\t<p style=\"text-align: center;\">Besuchen Sie uns gerne an unserem Standort oder fragen Sie nach den Bedingungen. Der Kaffee steht bereit!<\/p>\n<\/div>\n<\/div><\/div><div id=\"panel-6341-3-0-2\" class=\"so-panel widget widget_sow-button panel-last-child\" data-index=\"11\" ><div\n\t\t\t\n\t\t\tclass=\"so-widget-sow-button so-widget-sow-button-atom-f54c0409268f-6341\"\n\t\t\t\n\t\t><div class=\"ow-button-base ow-button-align-center\"\n>\n\t\t\t<a\n\t\t\t\t\thref=\"https:\/\/jachtwerk.com\/de\/kontakt\/\"\n\t\t\t\t\tclass=\"sowb-button ow-icon-placement-left ow-button-hover\" \t>\n\t\t<span>\n\t\t\t\n\t\t\tKontakt aufnehmen\t\t<\/span>\n\t\t\t<\/a>\n\t<\/div>\n<\/div><\/div><\/div><\/div><\/div><\/div>","protected":false},"excerpt":{"rendered":"<p>Jedes Projekt erfordert Aufmerksamkeit und einen individuellen Ansatz. Daher ist jeder Auftrag bei uns ma\u00dfgeschneidert. Wir liefern nur Qualit\u00e4tsarbeit. Auf der Werft arbeiten wir in enger Abstimmung mit Ihnen an Verbesserungen oder Reparaturen Ihres Schiffes. Welche Aufgabe es auch immer ist, wir haben immer eine L\u00f6sung. Neben umfangreichen Tischler- und Reparaturarbeiten bieten wir auch L\u00f6sungen [&hellip;]<\/p>\n","protected":false},"author":1,"featured_media":0,"parent":6327,"menu_order":0,"comment_status":"closed","ping_status":"closed","template":"","meta":{"_acf_changed":false,"_genesis_hide_title":false,"_genesis_hide_breadcrumbs":false,"_genesis_hide_singular_image":false,"_genesis_hide_footer_widgets":false,"_genesis_custom_body_class":"","_genesis_custom_post_class":"","_genesis_layout":"","footnotes":""},"class_list":{"0":"post-6341","1":"page","2":"type-page","3":"status-publish","5":"entry"},"acf":[],"_links":{"self":[{"href":"https:\/\/jachtwerk.com\/de\/wp-json\/wp\/v2\/pages\/6341","targetHints":{"allow":["GET"]}}],"collection":[{"href":"https:\/\/jachtwerk.com\/de\/wp-json\/wp\/v2\/pages"}],"about":[{"href":"https:\/\/jachtwerk.com\/de\/wp-json\/wp\/v2\/types\/page"}],"author":[{"embeddable":true,"href":"https:\/\/jachtwerk.com\/de\/wp-json\/wp\/v2\/users\/1"}],"replies":[{"embeddable":true,"href":"https:\/\/jachtwerk.com\/de\/wp-json\/wp\/v2\/comments?post=6341"}],"version-history":[{"count":0,"href":"https:\/\/jachtwerk.com\/de\/wp-json\/wp\/v2\/pages\/6341\/revisions"}],"up":[{"embeddable":true,"href":"https:\/\/jachtwerk.com\/de\/wp-json\/wp\/v2\/pages\/6327"}],"wp:attachment":[{"href":"https:\/\/jachtwerk.com\/de\/wp-json\/wp\/v2\/media?parent=6341"}],"curies":[{"name":"wp","href":"https:\/\/api.w.org\/{rel}","templated":true}]}}