{"id":6327,"date":"2023-10-02T10:03:27","date_gmt":"2023-10-02T08:03:27","guid":{"rendered":"https:\/\/jachtwerk.com\/?page_id=6327"},"modified":"2023-11-17T11:24:10","modified_gmt":"2023-11-17T10:24:10","slug":"dienstleistungen","status":"publish","type":"page","link":"https:\/\/jachtwerk.com\/de\/dienstleistungen\/","title":{"rendered":"Dienstleistungen"},"content":{"rendered":"<div id=\"pl-6327\"  class=\"panel-layout\" ><div id=\"pg-6327-0\"  class=\"panel-grid panel-has-style\" ><div class=\"panel-row-style panel-row-style-for-6327-0\" ><div id=\"pgc-6327-0-0\"  class=\"panel-grid-cell panel-grid-cell-empty\" ><\/div><div id=\"pgc-6327-0-1\"  class=\"panel-grid-cell panel-grid-cell-mobile-last\" ><div id=\"panel-6327-0-1-0\" class=\"so-panel widget widget_sow-headline panel-first-child\" data-index=\"0\" ><div\n\t\t\t\n\t\t\tclass=\"so-widget-sow-headline so-widget-sow-headline-default-9590230ffb0c-6327 so-widget-fittext-wrapper\"\n\t\t\t data-fit-text-compressor=\"0.85\"\n\t\t><div class=\"sow-headline-container \">\n\t\t\t\t\t\t\t<h1 class=\"sow-headline\">\n\t\t\t\t\t\tDienstleistungen f\u00fcr Ihr Boot\t\t\t\t\t\t<\/h1>\n\t\t\t\t\t\t\t\t\t\t\t<div class=\"decoration\">\n\t\t\t\t\t\t<div class=\"decoration-inside\"><\/div>\n\t\t\t\t\t<\/div>\n\t\t\t\t\t<\/div>\n<\/div><\/div><div id=\"panel-6327-0-1-1\" class=\"so-panel widget widget_sow-editor panel-last-child\" data-index=\"1\" ><div\n\t\t\t\n\t\t\tclass=\"so-widget-sow-editor so-widget-sow-editor-base\"\n\t\t\t\n\t\t>\n<div class=\"siteorigin-widget-tinymce textwidget\">\n\t<p style=\"text-align: center;\">Wir setzen ausschlie\u00dflich auf Qualit\u00e4t. Wir liefern Ihre Yacht in perfektem Zustand aus, da wir Sie st\u00e4ndig in das Projekt einbeziehen. Damit stellen wir sicher, dass wir Ihre W\u00fcnsche vor und w\u00e4hrend des Projekts nicht aus den Augen verlieren. Um es Ihnen leicht zu machen, arbeiten wir in der Entwurfsphase alle Details Ihrer W\u00fcnsche aus. Ob es um die Wahl der Holzart oder Anpassungen im Innenraum geht, mit unserer Handwerkskunst stehen wir Ihnen zur Verf\u00fcgung.<\/p>\n<\/div>\n<\/div><\/div><\/div><div id=\"pgc-6327-0-2\"  class=\"panel-grid-cell panel-grid-cell-empty\" ><\/div><\/div><\/div><div id=\"pg-6327-1\"  class=\"panel-grid panel-has-style\" ><div class=\"siteorigin-panels-stretch panel-row-style panel-row-style-for-6327-1\" data-stretch-type=\"full-stretched\" ><div id=\"pgc-6327-1-0\"  class=\"panel-grid-cell\" ><div class=\"panel-cell-style panel-cell-style-for-6327-1-0\" ><div id=\"panel-6327-1-0-0\" class=\"widget_text so-panel widget widget_custom_html panel-first-child panel-last-child\" data-index=\"2\" ><div class=\"textwidget custom-html-widget\"><\/div><\/div><\/div><\/div><div id=\"pgc-6327-1-1\"  class=\"panel-grid-cell\" ><div class=\"panel-cell-style panel-cell-style-for-6327-1-1\" ><div id=\"panel-6327-1-1-0\" class=\"so-panel widget widget_sow-image panel-first-child\" data-index=\"3\" ><div\n\t\t\t\n\t\t\tclass=\"so-widget-sow-image so-widget-sow-image-default-8b5b6f678277-6327\"\n\t\t\t\n\t\t>\n<div class=\"sow-image-container\">\n\t\t<img \n\tsrc=\"https:\/\/jachtwerk.com\/wp-content\/uploads\/2021\/11\/20210501_131335.jpg\" width=\"1125\" height=\"1500\" srcset=\"https:\/\/jachtwerk.com\/wp-content\/uploads\/2021\/11\/20210501_131335.jpg 1125w, https:\/\/jachtwerk.com\/wp-content\/uploads\/2021\/11\/20210501_131335-225x300.jpg 225w, https:\/\/jachtwerk.com\/wp-content\/uploads\/2021\/11\/20210501_131335-768x1024.jpg 768w, https:\/\/jachtwerk.com\/wp-content\/uploads\/2021\/11\/20210501_131335-1800x2400.jpg 1800w, https:\/\/jachtwerk.com\/wp-content\/uploads\/2021\/11\/20210501_131335-1152x1536.jpg 1152w, https:\/\/jachtwerk.com\/wp-content\/uploads\/2021\/11\/20210501_131335-1536x2048.jpg 1536w, https:\/\/jachtwerk.com\/wp-content\/uploads\/2021\/11\/20210501_131335-1650x2200.jpg 1650w\" sizes=\"(max-width: 1125px) 100vw, 1125px\" title=\"Teakdekken C-Yachts kunststof teakdek\" alt=\"Teakdekken C-Yachts kunststof teakdek\" \t\tclass=\"so-widget-image\"\/>\n\t<\/div>\n\n<\/div><\/div><div id=\"panel-6327-1-1-1\" class=\"so-panel widget widget_sow-headline\" data-index=\"4\" ><div\n\t\t\t\n\t\t\tclass=\"so-widget-sow-headline so-widget-sow-headline-default-88c1bc878259-6327 so-widget-fittext-wrapper\"\n\t\t\t data-fit-text-compressor=\"0.85\"\n\t\t><div class=\"sow-headline-container \">\n\t\t\t\t\t\t\t<h2 class=\"sow-headline\">\n\t\t\t\t\t\tKunststoff Teakdecks\t\t\t\t\t\t<\/h2>\n\t\t\t\t\t\t\t\t\t\t\t<div class=\"decoration\">\n\t\t\t\t\t\t<div class=\"decoration-inside\"><\/div>\n\t\t\t\t\t<\/div>\n\t\t\t\t\t<\/div>\n<\/div><\/div><div id=\"panel-6327-1-1-2\" class=\"so-panel widget widget_sow-editor\" data-index=\"5\" ><div\n\t\t\t\n\t\t\tclass=\"so-widget-sow-editor so-widget-sow-editor-base\"\n\t\t\t\n\t\t>\n<div class=\"siteorigin-widget-tinymce textwidget\">\n\t<p>Ein Deck aus Kunststoff-Teakholz ist eine gute und preiswerte Alternative zu echtem Teakholz. Ein Kunststoff-Teakdeck ist in verschiedenen sch\u00f6nen Farben erh\u00e4ltlich und das Material hat eine grobe Maserung; nicht von echtem Holz zu unterscheiden.<\/p>\n<\/div>\n<\/div><\/div><div id=\"panel-6327-1-1-3\" class=\"so-panel widget widget_sow-button panel-last-child\" data-index=\"6\" ><div\n\t\t\t\n\t\t\tclass=\"so-widget-sow-button so-widget-sow-button-atom-144c983c4712-6327\"\n\t\t\t\n\t\t><div class=\"ow-button-base ow-button-align-left\"\n>\n\t\t\t<a\n\t\t\t\t\thref=\"https:\/\/jachtwerk.com\/de\/dienstleistungen\/kunststoff-teakdecks\/\"\n\t\t\t\t\tclass=\"sowb-button ow-icon-placement-left ow-button-hover\" \t>\n\t\t<span>\n\t\t\t\n\t\t\tEntdecken Sie synthetisches Teakdeck\t\t<\/span>\n\t\t\t<\/a>\n\t<\/div>\n<\/div><\/div><\/div><\/div><\/div><\/div><div id=\"pg-6327-2\"  class=\"panel-grid panel-has-style\" ><div class=\"siteorigin-panels-stretch panel-row-style panel-row-style-for-6327-2\" data-stretch-type=\"full-stretched\" ><div id=\"pgc-6327-2-0\"  class=\"panel-grid-cell\" ><div class=\"panel-cell-style panel-cell-style-for-6327-2-0\" ><div id=\"panel-6327-2-0-0\" class=\"so-panel widget widget_sow-image panel-first-child\" data-index=\"7\" ><div\n\t\t\t\n\t\t\tclass=\"so-widget-sow-image so-widget-sow-image-default-8b5b6f678277-6327\"\n\t\t\t\n\t\t>\n<div class=\"sow-image-container\">\n\t\t<img \n\tsrc=\"https:\/\/jachtwerk.com\/wp-content\/uploads\/2021\/08\/Afbeelding-voor-slider.jpg\" width=\"960\" height=\"540\" srcset=\"https:\/\/jachtwerk.com\/wp-content\/uploads\/2021\/08\/Afbeelding-voor-slider.jpg 960w, https:\/\/jachtwerk.com\/wp-content\/uploads\/2021\/08\/Afbeelding-voor-slider-300x169.jpg 300w, https:\/\/jachtwerk.com\/wp-content\/uploads\/2021\/08\/Afbeelding-voor-slider-768x432.jpg 768w\" sizes=\"(max-width: 960px) 100vw, 960px\" title=\"Interieur zeilboot\" alt=\"Interieur zeilboot\" \t\tclass=\"so-widget-image\"\/>\n\t<\/div>\n\n<\/div><\/div><div id=\"panel-6327-2-0-1\" class=\"so-panel widget widget_sow-headline\" data-index=\"8\" ><div\n\t\t\t\n\t\t\tclass=\"so-widget-sow-headline so-widget-sow-headline-default-88c1bc878259-6327 so-widget-fittext-wrapper\"\n\t\t\t data-fit-text-compressor=\"0.85\"\n\t\t><div class=\"sow-headline-container \">\n\t\t\t\t\t\t\t<h2 class=\"sow-headline\">\n\t\t\t\t\t\tInnenausbau\t\t\t\t\t\t<\/h2>\n\t\t\t\t\t\t\t\t\t\t\t<div class=\"decoration\">\n\t\t\t\t\t\t<div class=\"decoration-inside\"><\/div>\n\t\t\t\t\t<\/div>\n\t\t\t\t\t<\/div>\n<\/div><\/div><div id=\"panel-6327-2-0-2\" class=\"so-panel widget widget_sow-editor\" data-index=\"9\" ><div\n\t\t\t\n\t\t\tclass=\"so-widget-sow-editor so-widget-sow-editor-base\"\n\t\t\t\n\t\t>\n<div class=\"siteorigin-widget-tinymce textwidget\">\n\t<p>Unsere Erfahrung im Innenausbau haben wir in den letzten Jahren bei vielen sch\u00f6nen Projekten gesammelt. Vom klassischen Motoryacht bis zum Luxussegelschiff; wir bieten eine ma\u00dfgeschneiderte L\u00f6sung.<\/p>\n<\/div>\n<\/div><\/div><div id=\"panel-6327-2-0-3\" class=\"so-panel widget widget_sow-button panel-last-child\" data-index=\"10\" ><div\n\t\t\t\n\t\t\tclass=\"so-widget-sow-button so-widget-sow-button-atom-144c983c4712-6327\"\n\t\t\t\n\t\t><div class=\"ow-button-base ow-button-align-left\"\n>\n\t\t\t<a\n\t\t\t\t\thref=\"https:\/\/jachtwerk.com\/de\/dienstleistungen\/interne-tischlerei\/\"\n\t\t\t\t\tclass=\"sowb-button ow-icon-placement-left ow-button-hover\" \t>\n\t\t<span>\n\t\t\t\n\t\t\tMehr \u00fcber Innenausbau\t\t<\/span>\n\t\t\t<\/a>\n\t<\/div>\n<\/div><\/div><\/div><\/div><div id=\"pgc-6327-2-1\"  class=\"panel-grid-cell\" ><div class=\"panel-cell-style panel-cell-style-for-6327-2-1\" ><div id=\"panel-6327-2-1-0\" class=\"widget_text so-panel widget widget_custom_html panel-first-child panel-last-child\" data-index=\"11\" ><div class=\"textwidget custom-html-widget\"><\/div><\/div><\/div><\/div><\/div><\/div><div id=\"pg-6327-3\"  class=\"panel-grid panel-has-style\" ><div class=\"siteorigin-panels-stretch panel-row-style panel-row-style-for-6327-3\" data-stretch-type=\"full-stretched\" ><div id=\"pgc-6327-3-0\"  class=\"panel-grid-cell\" ><div class=\"panel-cell-style panel-cell-style-for-6327-3-0\" ><div id=\"panel-6327-3-0-0\" class=\"widget_text so-panel widget widget_custom_html panel-first-child panel-last-child\" data-index=\"12\" ><div class=\"textwidget custom-html-widget\"><\/div><\/div><\/div><\/div><div id=\"pgc-6327-3-1\"  class=\"panel-grid-cell\" ><div class=\"panel-cell-style panel-cell-style-for-6327-3-1\" ><div id=\"panel-6327-3-1-0\" class=\"so-panel widget widget_sow-image panel-first-child\" data-index=\"13\" ><div\n\t\t\t\n\t\t\tclass=\"so-widget-sow-image so-widget-sow-image-default-8b5b6f678277-6327\"\n\t\t\t\n\t\t>\n<div class=\"sow-image-container\">\n\t\t<img \n\tsrc=\"https:\/\/jachtwerk.com\/wp-content\/uploads\/2021\/11\/20211029120636_IMG_2554.jpg\" width=\"3000\" height=\"2000\" srcset=\"https:\/\/jachtwerk.com\/wp-content\/uploads\/2021\/11\/20211029120636_IMG_2554.jpg 3000w, https:\/\/jachtwerk.com\/wp-content\/uploads\/2021\/11\/20211029120636_IMG_2554-300x200.jpg 300w, https:\/\/jachtwerk.com\/wp-content\/uploads\/2021\/11\/20211029120636_IMG_2554-1024x683.jpg 1024w, https:\/\/jachtwerk.com\/wp-content\/uploads\/2021\/11\/20211029120636_IMG_2554-768x512.jpg 768w, https:\/\/jachtwerk.com\/wp-content\/uploads\/2021\/11\/20211029120636_IMG_2554-1800x1200.jpg 1800w, https:\/\/jachtwerk.com\/wp-content\/uploads\/2021\/11\/20211029120636_IMG_2554-1536x1024.jpg 1536w, https:\/\/jachtwerk.com\/wp-content\/uploads\/2021\/11\/20211029120636_IMG_2554-2048x1365.jpg 2048w, https:\/\/jachtwerk.com\/wp-content\/uploads\/2021\/11\/20211029120636_IMG_2554-600x400.jpg 600w\" sizes=\"(max-width: 3000px) 100vw, 3000px\" title=\"Exterieur betimmering\" alt=\"Exterieur betimmering\" \t\tclass=\"so-widget-image\"\/>\n\t<\/div>\n\n<\/div><\/div><div id=\"panel-6327-3-1-1\" class=\"so-panel widget widget_sow-headline\" data-index=\"14\" ><div\n\t\t\t\n\t\t\tclass=\"so-widget-sow-headline so-widget-sow-headline-default-d033d8bc83c8-6327 so-widget-fittext-wrapper\"\n\t\t\t data-fit-text-compressor=\"0.85\"\n\t\t><div class=\"sow-headline-container \">\n\t\t\t\t\t\t\t<h2 class=\"sow-headline\">\n\t\t\t\t\t\tExterne Tischlerei\t\t\t\t\t\t<\/h2>\n\t\t\t\t\t\t\t\t\t\t\t<div class=\"decoration\">\n\t\t\t\t\t\t<div class=\"decoration-inside\"><\/div>\n\t\t\t\t\t<\/div>\n\t\t\t\t\t<\/div>\n<\/div><\/div><div id=\"panel-6327-3-1-2\" class=\"so-panel widget widget_sow-editor\" data-index=\"15\" ><div\n\t\t\t\n\t\t\tclass=\"so-widget-sow-editor so-widget-sow-editor-base\"\n\t\t\t\n\t\t>\n<div class=\"siteorigin-widget-tinymce textwidget\">\n\t<p>Jedes Projekt erfordert Aufmerksamkeit und einen individuellen Ansatz. Deshalb ist jeder Auftrag bei uns ma\u00dfgeschneidert. Wir liefern nur Qualit\u00e4tsarbeit.<\/p>\n<\/div>\n<\/div><\/div><div id=\"panel-6327-3-1-3\" class=\"so-panel widget widget_sow-button panel-last-child\" data-index=\"16\" ><div\n\t\t\t\n\t\t\tclass=\"so-widget-sow-button so-widget-sow-button-atom-144c983c4712-6327\"\n\t\t\t\n\t\t><div class=\"ow-button-base ow-button-align-left\"\n>\n\t\t\t<a\n\t\t\t\t\thref=\"https:\/\/jachtwerk.com\/de\/dienstleistungen\/externe-tischlerei\/\"\n\t\t\t\t\tclass=\"sowb-button ow-icon-placement-left ow-button-hover\" \t>\n\t\t<span>\n\t\t\t\n\t\t\tMehr \u00fcber Externe Tischlerei\t\t<\/span>\n\t\t\t<\/a>\n\t<\/div>\n<\/div><\/div><\/div><\/div><\/div><\/div><div id=\"pg-6327-4\"  class=\"panel-grid panel-has-style\" ><div class=\"siteorigin-panels-stretch panel-row-style panel-row-style-for-6327-4\" data-stretch-type=\"full-stretched\" ><div id=\"pgc-6327-4-0\"  class=\"panel-grid-cell\" ><div class=\"panel-cell-style panel-cell-style-for-6327-4-0\" ><div id=\"panel-6327-4-0-0\" class=\"so-panel widget widget_sow-image panel-first-child\" data-index=\"17\" ><div\n\t\t\t\n\t\t\tclass=\"so-widget-sow-image so-widget-sow-image-default-8b5b6f678277-6327\"\n\t\t\t\n\t\t>\n<div class=\"sow-image-container\">\n\t\t<img \n\tsrc=\"https:\/\/jachtwerk.com\/wp-content\/uploads\/2022\/02\/Super-van-Craft-18-min.jpg\" width=\"2000\" height=\"1500\" srcset=\"https:\/\/jachtwerk.com\/wp-content\/uploads\/2022\/02\/Super-van-Craft-18-min.jpg 2000w, https:\/\/jachtwerk.com\/wp-content\/uploads\/2022\/02\/Super-van-Craft-18-min-300x225.jpg 300w, https:\/\/jachtwerk.com\/wp-content\/uploads\/2022\/02\/Super-van-Craft-18-min-1024x768.jpg 1024w, https:\/\/jachtwerk.com\/wp-content\/uploads\/2022\/02\/Super-van-Craft-18-min-768x576.jpg 768w, https:\/\/jachtwerk.com\/wp-content\/uploads\/2022\/02\/Super-van-Craft-18-min-1536x1152.jpg 1536w, https:\/\/jachtwerk.com\/wp-content\/uploads\/2022\/02\/Super-van-Craft-18-min-2048x1536.jpg 2048w, https:\/\/jachtwerk.com\/wp-content\/uploads\/2022\/02\/Super-van-Craft-18-min-1800x1350.jpg 1800w\" sizes=\"(max-width: 2000px) 100vw, 2000px\" title=\"Super van Craft restauratie yacht\" alt=\"Super van Craft restauratie yacht\" \t\tclass=\"so-widget-image\"\/>\n\t<\/div>\n\n<\/div><\/div><div id=\"panel-6327-4-0-1\" class=\"so-panel widget widget_sow-headline\" data-index=\"18\" ><div\n\t\t\t\n\t\t\tclass=\"so-widget-sow-headline so-widget-sow-headline-default-88c1bc878259-6327 so-widget-fittext-wrapper\"\n\t\t\t data-fit-text-compressor=\"0.85\"\n\t\t><div class=\"sow-headline-container \">\n\t\t\t\t\t\t\t<h2 class=\"sow-headline\">\n\t\t\t\t\t\tRestaurierung\t\t\t\t\t\t<\/h2>\n\t\t\t\t\t\t\t\t\t\t\t<div class=\"decoration\">\n\t\t\t\t\t\t<div class=\"decoration-inside\"><\/div>\n\t\t\t\t\t<\/div>\n\t\t\t\t\t<\/div>\n<\/div><\/div><div id=\"panel-6327-4-0-2\" class=\"so-panel widget widget_sow-editor\" data-index=\"19\" ><div\n\t\t\t\n\t\t\tclass=\"so-widget-sow-editor so-widget-sow-editor-base\"\n\t\t\t\n\t\t>\n<div class=\"siteorigin-widget-tinymce textwidget\">\n\t<p>Mit zunehmendem Alter eines Schiffes kann es manchmal notwendig sein, ganze Teile des Schiffes zu ersetzen; eine Restaurierung. Eine vollst\u00e4ndige Restaurierung ist ein tiefgreifendes Ereignis und erfordert Erfahrung, Fachwissen und eine gute Planung. Wir verf\u00fcgen \u00fcber all diese Eigenschaften.<\/p>\n<\/div>\n<\/div><\/div><div id=\"panel-6327-4-0-3\" class=\"so-panel widget widget_sow-button panel-last-child\" data-index=\"20\" ><div\n\t\t\t\n\t\t\tclass=\"so-widget-sow-button so-widget-sow-button-atom-144c983c4712-6327\"\n\t\t\t\n\t\t><div class=\"ow-button-base ow-button-align-left\"\n>\n\t\t\t<a\n\t\t\t\t\thref=\"https:\/\/jachtwerk.com\/de\/dienstleistungen\/restaurierung-boot\/\"\n\t\t\t\t\tclass=\"sowb-button ow-icon-placement-left ow-button-hover\" \t>\n\t\t<span>\n\t\t\t\n\t\t\tLesen Sie mehr \u00fcber Restaurierung\t\t<\/span>\n\t\t\t<\/a>\n\t<\/div>\n<\/div><\/div><\/div><\/div><div id=\"pgc-6327-4-1\"  class=\"panel-grid-cell\" ><div class=\"panel-cell-style panel-cell-style-for-6327-4-1\" ><div id=\"panel-6327-4-1-0\" class=\"widget_text so-panel widget widget_custom_html panel-first-child panel-last-child\" data-index=\"21\" ><div class=\"textwidget custom-html-widget\"><\/div><\/div><\/div><\/div><\/div><\/div><div id=\"pg-6327-5\"  class=\"panel-grid panel-has-style\" ><div class=\"siteorigin-panels-stretch panel-row-style panel-row-style-for-6327-5\" data-stretch-type=\"full\" ><div id=\"pgc-6327-5-0\"  class=\"panel-grid-cell\" ><div id=\"panel-6327-5-0-0\" class=\"so-panel widget widget_sow-headline panel-first-child\" data-index=\"22\" ><div\n\t\t\t\n\t\t\tclass=\"so-widget-sow-headline so-widget-sow-headline-default-5e3a847deeb1-6327 so-widget-fittext-wrapper\"\n\t\t\t data-fit-text-compressor=\"0.85\"\n\t\t><div class=\"sow-headline-container \">\n\t\t\t\t\t\t\t<h2 class=\"sow-headline\">\n\t\t\t\t\t\tKunststoff-Teakdeck verlegen lassen?\t\t\t\t\t\t<\/h2>\n\t\t\t\t\t\t\t\t\t\t\t<div class=\"decoration\">\n\t\t\t\t\t\t<div class=\"decoration-inside\"><\/div>\n\t\t\t\t\t<\/div>\n\t\t\t\t\t<\/div>\n<\/div><\/div><div id=\"panel-6327-5-0-1\" class=\"so-panel widget widget_sow-editor\" data-index=\"23\" ><div\n\t\t\t\n\t\t\tclass=\"so-widget-sow-editor so-widget-sow-editor-base\"\n\t\t\t\n\t\t>\n<div class=\"siteorigin-widget-tinymce textwidget\">\n\t<p style=\"text-align: center;\">Kommen Sie gerne auf einen Plausch vorbei. Die T\u00fcr steht offen und der Kaffee ist fertig! Oder nehmen Sie Kontakt mit uns auf.<\/p>\n<\/div>\n<\/div><\/div><div id=\"panel-6327-5-0-2\" class=\"so-panel widget widget_sow-button panel-last-child\" data-index=\"24\" ><div\n\t\t\t\n\t\t\tclass=\"so-widget-sow-button so-widget-sow-button-atom-f54c0409268f-6327\"\n\t\t\t\n\t\t><div class=\"ow-button-base ow-button-align-center\"\n>\n\t\t\t<a\n\t\t\t\t\thref=\"https:\/\/jachtwerk.com\/contact\/\"\n\t\t\t\t\tclass=\"sowb-button ow-icon-placement-left ow-button-hover\" \t>\n\t\t<span>\n\t\t\t\n\t\t\tNeem contact op\t\t<\/span>\n\t\t\t<\/a>\n\t<\/div>\n<\/div><\/div><\/div><\/div><\/div><div id=\"pg-6327-7\"  class=\"panel-grid panel-has-style\" ><div class=\"siteorigin-panels-stretch panel-row-style panel-row-style-for-6327-7\" data-stretch-type=\"full-stretched\" ><div id=\"pgc-6327-7-0\"  class=\"panel-grid-cell\" ><div id=\"panel-6327-7-0-0\" class=\"so-panel widget widget_sow-image panel-first-child panel-last-child\" data-index=\"26\" ><div\n\t\t\t\n\t\t\tclass=\"so-widget-sow-image so-widget-sow-image-default-dbf295114b96-6327\"\n\t\t\t\n\t\t>\n<div class=\"sow-image-container\">\n\t\t<img \n\tsrc=\"https:\/\/jachtwerk.com\/wp-content\/uploads\/2021\/11\/20211029121013_IMG_2567-600x400.jpg\" width=\"600\" height=\"400\" srcset=\"https:\/\/jachtwerk.com\/wp-content\/uploads\/2021\/11\/20211029121013_IMG_2567-600x400.jpg 600w, https:\/\/jachtwerk.com\/wp-content\/uploads\/2021\/11\/20211029121013_IMG_2567-300x200.jpg 300w, https:\/\/jachtwerk.com\/wp-content\/uploads\/2021\/11\/20211029121013_IMG_2567-1024x683.jpg 1024w, https:\/\/jachtwerk.com\/wp-content\/uploads\/2021\/11\/20211029121013_IMG_2567-768x512.jpg 768w, https:\/\/jachtwerk.com\/wp-content\/uploads\/2021\/11\/20211029121013_IMG_2567-1800x1200.jpg 1800w, https:\/\/jachtwerk.com\/wp-content\/uploads\/2021\/11\/20211029121013_IMG_2567-1536x1024.jpg 1536w, https:\/\/jachtwerk.com\/wp-content\/uploads\/2021\/11\/20211029121013_IMG_2567-2048x1365.jpg 2048w\" sizes=\"(max-width: 600px) 100vw, 600px\" title=\"Kunststof teakdek\" alt=\"Kunststof teakdek\" \t\tclass=\"so-widget-image\"\/>\n\t<\/div>\n\n<\/div><\/div><\/div><div id=\"pgc-6327-7-1\"  class=\"panel-grid-cell\" ><div id=\"panel-6327-7-1-0\" class=\"so-panel widget widget_sow-image panel-first-child panel-last-child\" data-index=\"27\" ><div\n\t\t\t\n\t\t\tclass=\"so-widget-sow-image so-widget-sow-image-default-dbf295114b96-6327\"\n\t\t\t\n\t\t>\n<div class=\"sow-image-container\">\n\t\t<img \n\tsrc=\"https:\/\/jachtwerk.com\/wp-content\/uploads\/2021\/11\/20211029114934_IMG_2511-1-600x400.jpg\" width=\"600\" height=\"400\" srcset=\"https:\/\/jachtwerk.com\/wp-content\/uploads\/2021\/11\/20211029114934_IMG_2511-1-600x400.jpg 600w, https:\/\/jachtwerk.com\/wp-content\/uploads\/2021\/11\/20211029114934_IMG_2511-1-300x200.jpg 300w, https:\/\/jachtwerk.com\/wp-content\/uploads\/2021\/11\/20211029114934_IMG_2511-1-1024x683.jpg 1024w, https:\/\/jachtwerk.com\/wp-content\/uploads\/2021\/11\/20211029114934_IMG_2511-1-768x512.jpg 768w, https:\/\/jachtwerk.com\/wp-content\/uploads\/2021\/11\/20211029114934_IMG_2511-1-1800x1200.jpg 1800w, https:\/\/jachtwerk.com\/wp-content\/uploads\/2021\/11\/20211029114934_IMG_2511-1-1536x1024.jpg 1536w, https:\/\/jachtwerk.com\/wp-content\/uploads\/2021\/11\/20211029114934_IMG_2511-1-2048x1365.jpg 2048w\" sizes=\"(max-width: 600px) 100vw, 600px\" title=\"Werkwijze Jachtwerk teakdekken\" alt=\"Werkwijze Jachtwerk teakdekken\" \t\tclass=\"so-widget-image\"\/>\n\t<\/div>\n\n<\/div><\/div><\/div><div id=\"pgc-6327-7-2\"  class=\"panel-grid-cell\" ><div id=\"panel-6327-7-2-0\" class=\"so-panel widget widget_sow-image panel-first-child panel-last-child\" data-index=\"28\" ><div\n\t\t\t\n\t\t\tclass=\"so-widget-sow-image so-widget-sow-image-default-dbf295114b96-6327\"\n\t\t\t\n\t\t>\n<div class=\"sow-image-container\">\n\t\t<img \n\tsrc=\"https:\/\/jachtwerk.com\/wp-content\/uploads\/2021\/11\/20211029120636_IMG_2554-600x400.jpg\" width=\"600\" height=\"400\" srcset=\"https:\/\/jachtwerk.com\/wp-content\/uploads\/2021\/11\/20211029120636_IMG_2554-600x400.jpg 600w, https:\/\/jachtwerk.com\/wp-content\/uploads\/2021\/11\/20211029120636_IMG_2554-300x200.jpg 300w, https:\/\/jachtwerk.com\/wp-content\/uploads\/2021\/11\/20211029120636_IMG_2554-1024x683.jpg 1024w, https:\/\/jachtwerk.com\/wp-content\/uploads\/2021\/11\/20211029120636_IMG_2554-768x512.jpg 768w, https:\/\/jachtwerk.com\/wp-content\/uploads\/2021\/11\/20211029120636_IMG_2554-1800x1200.jpg 1800w, https:\/\/jachtwerk.com\/wp-content\/uploads\/2021\/11\/20211029120636_IMG_2554-1536x1024.jpg 1536w, https:\/\/jachtwerk.com\/wp-content\/uploads\/2021\/11\/20211029120636_IMG_2554-2048x1365.jpg 2048w\" sizes=\"(max-width: 600px) 100vw, 600px\" title=\"Exterieur betimmering\" alt=\"Exterieur betimmering\" \t\tclass=\"so-widget-image\"\/>\n\t<\/div>\n\n<\/div><\/div><\/div><\/div><\/div><\/div>","protected":false},"excerpt":{"rendered":"<p>Wir setzen ausschlie\u00dflich auf Qualit\u00e4t. Wir liefern Ihre Yacht in perfektem Zustand aus, da wir Sie st\u00e4ndig in das Projekt einbeziehen. Damit stellen wir sicher, dass wir Ihre W\u00fcnsche vor und w\u00e4hrend des Projekts nicht aus den Augen verlieren. Um es Ihnen leicht zu machen, arbeiten wir in der Entwurfsphase alle Details Ihrer W\u00fcnsche aus. [&hellip;]<\/p>\n","protected":false},"author":1,"featured_media":0,"parent":0,"menu_order":0,"comment_status":"closed","ping_status":"closed","template":"","meta":{"_acf_changed":false,"_genesis_hide_title":false,"_genesis_hide_breadcrumbs":false,"_genesis_hide_singular_image":false,"_genesis_hide_footer_widgets":false,"_genesis_custom_body_class":"","_genesis_custom_post_class":"","_genesis_layout":"","footnotes":""},"class_list":{"0":"post-6327","1":"page","2":"type-page","3":"status-publish","5":"entry"},"acf":[],"_links":{"self":[{"href":"https:\/\/jachtwerk.com\/de\/wp-json\/wp\/v2\/pages\/6327","targetHints":{"allow":["GET"]}}],"collection":[{"href":"https:\/\/jachtwerk.com\/de\/wp-json\/wp\/v2\/pages"}],"about":[{"href":"https:\/\/jachtwerk.com\/de\/wp-json\/wp\/v2\/types\/page"}],"author":[{"embeddable":true,"href":"https:\/\/jachtwerk.com\/de\/wp-json\/wp\/v2\/users\/1"}],"replies":[{"embeddable":true,"href":"https:\/\/jachtwerk.com\/de\/wp-json\/wp\/v2\/comments?post=6327"}],"version-history":[{"count":0,"href":"https:\/\/jachtwerk.com\/de\/wp-json\/wp\/v2\/pages\/6327\/revisions"}],"wp:attachment":[{"href":"https:\/\/jachtwerk.com\/de\/wp-json\/wp\/v2\/media?parent=6327"}],"curies":[{"name":"wp","href":"https:\/\/api.w.org\/{rel}","templated":true}]}}